{"id":2954,"date":"2013-09-05T10:12:54","date_gmt":"2013-09-05T08:12:54","guid":{"rendered":"https:\/\/blog.malik-management.com\/?page_id=2954"},"modified":"2013-09-05T10:12:54","modified_gmt":"2013-09-05T08:12:54","slug":"gelddigitalisierung-und-eigentumsoekonomie","status":"publish","type":"page","link":"https:\/\/www.malik-management.com\/de\/gelddigitalisierung-und-eigentumsoekonomie\/","title":{"rendered":"Gelddigitalisierung und Eigentums\u00f6konomie"},"content":{"rendered":"<p><a title=\"Heinsohn-Antworten\" href=\"https:\/\/blog.malik-management.com\/heinsohn-antworten\/\">zur \u00dcbersicht der Antworten<\/a><br \/>\n&nbsp;<br \/>\nAntwort auf das <a href=\"https:\/\/blog.malik-management.com\/2013\/08\/vermorschende-gesellschaften-das-unvermoegen-komplexe-systeme-zu-verstehen\/#comment-13209\" target=\"_blank\">Posting von User Max Gm\u00fcr<\/a> im Malik Blog vom 31.08.2013 zum Thema <a href=\"https:\/\/blog.malik-management.com\/2013\/08\/vermorschende-gesellschaften-das-unvermoegen-komplexe-systeme-zu-verstehen\/\" target=\"_blank\">Vermorschende Gesellschaften<\/a>:<br \/>\n<strong>Prof. Dr. Dr. Gunnar Heinsohn, Bremen am 04.09.2013:<\/strong><br \/>\n<img decoding=\"async\" class=\"alignleft\" style=\"margin-right: 15px;\" title=\"Prof. Dr. Dr. Gunnar Heinsohn\" src=\"https:\/\/blog.malik-management.com\/wp-content\/uploads\/2011\/12\/malik-blog-heinsohn21.jpg\" alt=\"\" width=\"90\" height=\"120\" \/><br \/>\nSchauen wir exemplarisch auf das momentan anspruchvollste elektronische Zahlungssystem: Bitcoin. Seine Basis ist die Ehrlichkeit der Mineure bei der Schaffung einer Bitcoin-Einheit, ihre Bereitschaft Bitcoins als Zahlungsmittel anzunehmen und ihr Versprechen, auf jegliche Manipulation der Bilanzierung ihrer Bitcoins zu verzichten. Ein Teilnehmer kassiert also nicht nur Kursgewinne seiner Bitcoins (Steigerung ihres Preises in gel\u00e4ufigen W\u00e4hrungen), sondern nimmt auch Kursverluste und Ausl\u00f6schungen durch nicht wirklich \u00fcberschaubare Operationen umstandslos hin.<br \/>\nIn der 2008 beginnenden Bitcoin-Geschichte kommt es \u2013 vor allem nach lockenden Glorifizierungen in den Medien \u2013 immer mal wieder zu hohen Kursgewinnen durch viele neue Bitcoink\u00e4ufer, so dass etliche Teilnehmer Bitcoins als Investment halten, aber nicht mit ihnen bezahlen. Neoklassische Autoren wie Paul Krugman (Nobelpreis 2008), die Geld f\u00fcr ein Gut zur Erleichterung des Tausches anderer G\u00fcter halten, gehen deshalb mit Bitcoin streng ins Gericht: &#8222;<em>What we want from a monetary system isn\u2019t to make people holding money rich; we want it to facilitate transactions<\/em>,&#8220; (NYT, 07-09-2011).<br \/>\nDieser Tadel kann aber nicht verdecken, dass die Bitcoin-Leute Krugmans charmante Ahnungslosigkeit zum Geld auch f\u00fcr sich beanspruchen. Ihre &#8222;bitcoin miner&#8220;, Server mit extrem hohem Stromverbrauch, werden wie die Sch\u00fcttelsiebe und Schaufeln von Goldw\u00e4schern vorgezeigt. Auch sie halten Geld f\u00fcr ein Gut, an dessen physische Gestalt \u2013 so unm\u00f6glich das bleiben muss \u2013 sie sich digital ganz nahe herantasten wollen. Ihr elektronisches Geldgut sei dadurch sauberer als alle anderen, die mit weniger mathematischem Aufwand gebastelt werden. Im \u00fcbertragenen Sinne sagen sie: Wir operieren mit reinem Gold und achten strikt darauf, dass keine Bleiklumpen in Umlauf kommen, die mit Gold nur ummantelt sind.<br \/>\nDoch Geld ist kein \u2013 wie immer aufw\u00e4ndig gewonnenes \u2013 physisches Besitzgut f\u00fcr die Erleichterung von Tauschakten. M\u00e4rkte gehen dem Geld nicht voraus, sondern folgen ihm nach. Eine Gelddokument \u2013 ob Note, M\u00fcnze oder digitales Signal \u2013 kann selbst ohne intrinsischen Nutzen sein, weil es als eine Forderung gegen die nichtphysische Eigentumsseite eines Gl\u00e4ubigerverm\u00f6gens in einem Schuldvertrag geschaffen wird, der seinerseits eine Forderung gegen das ebenso nichtphysische und jetzt verpf\u00e4ndete Eigentum des Borgers darstellt. Wer es schlagwortartig haben will: Der Tausch f\u00fchrt nicht zum Geld, sondern das Geld erzwingt den \u00c4quivalententausch. Ganz entsprechend kommt das Geld nicht vom Sparen, sondern das Sparen vom Geld, weil man es erst ansammeln oder verdienen kann, nachdem es Eigent\u00fcmer in Kreditkontrakten geschaffen haben.<br \/>\nDie G\u00fcter bzw. Sachen von Gl\u00e4ubigern und Schuldnern \u2013 die Besitzseiten ihrer Verm\u00f6gen \u2013 wechseln in einem Kreditvertrag nicht die Hand. Beide nutzen sie ungest\u00f6rt weiter. Es sind mithin Kreditvertr\u00e4ge, die Kaufvertr\u00e4ge bzw. M\u00e4rkte nach sich ziehen. Und solche Vertr\u00e4ge werden \u00fcberhaupt erst zwischen Eigent\u00fcmern m\u00f6glich. Deshalb haben eigentumslose Systeme wie Stammesgemeinschaften und Befehlsproduktionen (Feudalismus, Realsozialismus) intern weder Geld noch M\u00e4rkte.<br \/>\nM\u00e4rkte sind Mechanismen, durch die sich Schuldner \u00fcber einzuwerbende Verkaufsvertr\u00e4ge die termingerecht zu tilgenden Geldsummen aus ihren Kreditpflichten beschaffen m\u00fcssen. Wie technisch modern auch immer dazu verwendete Zahlungsmittel gestaltet werden, sie stellen dennoch immer Mittel f\u00fcr die Erf\u00fcllung von Vertr\u00e4gen dar. Deshalb m\u00fcssen sie auch der Nichterf\u00fcllung und selbst der bloss vermuteten Nichterf\u00fcllbarkeit von Vertr\u00e4gen Rechnung tragen k\u00f6nnen.<br \/>\nWer einer Geldnote nicht traut, weil sie etwa in Kaufakten gar nicht oder nur mit Abschlag akteptiert wird, muss sie bei ihrem Emitteur gegen das f\u00fcr ihre Besicherung eingesetzte Eigentum einl\u00f6sen k\u00f6nnen. Wer vergeblich auf die von einem Schuldner zu leistende Zahlung wartet, muss ersatzweise in dessen Eigentum vollstrecken k\u00f6nnen. Wer eine bereits gelieferte Ware nicht bezahlt bekommt, muss sie sich zur\u00fcckholen k\u00f6nnen und Besch\u00e4digsverluste oder Preisverfall aus dem \u00fcbrigen Eigentum des S\u00e4umers ausgleichen d\u00fcrfen.<br \/>\nSelbst ein hundertprozentig f\u00e4lschungssicheres und obendrein kursstabiles digitales Zahlungsmittel muss scheitern, wenn seine Verwender f\u00fcr ihre Verpflichtungen nur mit dem Bestand an solchen Mitteln haften, unbezahlte Verk\u00e4ufer und Kreditgeber also mit der Auskunft bedient werden, dass der s\u00e4umige K\u00e4ufer nun einmal keine Bitcoins etc. mehr habe. Zahlungssysteme k\u00f6nnen also nur funktionieren, wenn die Eigentumspositionen von Geldschaffern und Geldborgern ununterbrochen kontrollierbar, also permanentem Rating ausgesetzt sind. Denn Anonymit\u00e4t kann gelegentlich bei Zahlung, aber niemals bei Haftung akzeptiert werden.<br \/>\nElektronische Zahlungsmittel ohne Basis im Eigentum von Leuten, die mit Namen und Adresse bekannt sind, m\u00fcssen erfolglos bleiben. Aber gerade weil eine Geldnote kein Gut ist, sondern lediglich ein Dokument mit der Forderung gegen Eigentum, kommt erst das Zeitalter der Digitalisierung dem \u2013 gerade eigentums\u00f6konomisch hoch gehaltenen \u2013 Ideal seiner fast kostenlosen Herstellung, Lagerung und \u00dcbertragung bisher am n\u00e4chsten.<br \/>\nEine Emissionsbank \u2013 etwa auf Facebook \u2013, zu deren Eigenkapital Nutzer auf der ganzen Welt beitragen k\u00f6nnten, ist nicht nur m\u00f6glich, sondern auch der n\u00e4chste Schritt, wenn die grossen Zentralbanken ausgel\u00f6scht sind, weil ihr Eigenkapital und die Pf\u00e4nder der bei ihnen Kredit nehmenden Gesch\u00e4ftsbanken fast nur noch aus nicht mehr bedienbaren Staatstiteln bestehen. Sie k\u00f6nnen dann n\u00e4mlich nicht mehr mit ebensolchen Staatsschulden rekapitalisiert werden.<br \/>\nDas ist der \u2013 \u00fcbrigens schon erreichte, aber noch nicht allgemein wahrgenommene\u00a0 \u2013 Zeitpunkt, an dem die Suche nach unbelastetem Eigentum f\u00fcr die Besicherung einer neuen W\u00e4hrung beginnt. Dann k\u00f6nnen Milliarden von &#8222;kleinen&#8220; Leuten ein wuchtiges Eigenkapital zusammenbringen, dessen aktuelle Bilanzst\u00e4rke per Mausklick kontrollierbar ist. Man h\u00e4tte es mit einer Mega-Raiffeisen-Bank zu tun, die allerdings nicht nur zentralbanklich geschaffenes Geld weiterverleiht, sondern eigenes und zugleich digitales Geld f\u00fcr verpf\u00e4ndungsf\u00e4hige Schuldner emittiert. Diese W\u00e4hrung w\u00e4re jedoch nicht deshalb universal, weil sie endlich unabh\u00e4ngig von irgendwelchen dubiosen Individuen zustande k\u00e4me, sondern weil mehr mit Eigentum versehene Einzelne als je zuvor f\u00fcr die Qualit\u00e4t ihrer Besicherung sorgen w\u00fcrden. Wie bei Crowdfunding viele bescheidene Betr\u00e4ge innovative Unternehmensgr\u00fcnder mit Seed-Money versorgen, so kann auch eine globale Emissionsbank von Mini-Eigent\u00fcmern getragen werden und sich gerade dadurch h\u00f6chste Transparenz erlauben.<\/p>\n","protected":false},"excerpt":{"rendered":"<p>zur \u00dcbersicht der Antworten &nbsp; Antwort auf das Posting von User Max Gm\u00fcr im Malik Blog vom 31.08.2013 zum Thema Vermorschende Gesellschaften: Prof. Dr. Dr. Gunnar Heinsohn, Bremen am 04.09.2013: Schauen wir exemplarisch auf das momentan anspruchvollste elektronische Zahlungssystem: Bitcoin. Seine Basis ist die Ehrlichkeit der Mineure bei der Schaffung einer Bitcoin-Einheit, ihre Bereitschaft Bitcoins als Zahlungsmittel anzunehmen und ihr  [&#8230;]<\/p>\n","protected":false},"author":3,"featured_media":0,"parent":0,"menu_order":0,"comment_status":"open","ping_status":"open","template":"","meta":{"_acf_changed":false,"_bbp_topic_count":0,"_bbp_reply_count":0,"_bbp_total_topic_count":0,"_bbp_total_reply_count":0,"_bbp_voice_count":0,"_bbp_anonymous_reply_count":0,"_bbp_topic_count_hidden":0,"_bbp_reply_count_hidden":0,"_bbp_forum_subforum_count":0,"footnotes":""},"class_list":["post-2954","page","type-page","status-publish","hentry"],"acf":[],"yoast_head":"<!-- This site is optimized with the Yoast SEO plugin v26.4 - https:\/\/yoast.com\/wordpress\/plugins\/seo\/ -->\n<title>Gelddigitalisierung und Eigentums\u00f6konomie - Malik Management<\/title>\n<meta name=\"robots\" content=\"index, follow, max-snippet:-1, max-image-preview:large, max-video-preview:-1\" \/>\n<link rel=\"canonical\" href=\"https:\/\/www.malik-management.com\/de\/gelddigitalisierung-und-eigentumsoekonomie\/\" \/>\n<meta property=\"og:locale\" content=\"de_DE\" \/>\n<meta property=\"og:type\" content=\"article\" \/>\n<meta property=\"og:title\" content=\"Gelddigitalisierung und Eigentums\u00f6konomie - Malik Management\" \/>\n<meta property=\"og:description\" content=\"zur \u00dcbersicht der Antworten &nbsp; Antwort auf das Posting von User Max Gm\u00fcr im Malik Blog vom 31.08.2013 zum Thema Vermorschende Gesellschaften: Prof. Dr. Dr. Gunnar Heinsohn, Bremen am 04.09.2013: Schauen wir exemplarisch auf das momentan anspruchvollste elektronische Zahlungssystem: Bitcoin. Seine Basis ist die Ehrlichkeit der Mineure bei der Schaffung einer Bitcoin-Einheit, ihre Bereitschaft Bitcoins als Zahlungsmittel anzunehmen und ihr [...]\" \/>\n<meta property=\"og:url\" content=\"https:\/\/www.malik-management.com\/de\/gelddigitalisierung-und-eigentumsoekonomie\/\" \/>\n<meta property=\"og:site_name\" content=\"Malik Management\" \/>\n<meta property=\"og:image\" content=\"https:\/\/blog.malik-management.com\/wp-content\/uploads\/2011\/12\/malik-blog-heinsohn21.jpg\" \/>\n<meta name=\"twitter:card\" content=\"summary_large_image\" \/>\n<meta name=\"twitter:label1\" content=\"Gesch\u00e4tzte Lesezeit\" \/>\n\t<meta name=\"twitter:data1\" content=\"5\u00a0Minuten\" \/>\n<script type=\"application\/ld+json\" class=\"yoast-schema-graph\">{\"@context\":\"https:\/\/schema.org\",\"@graph\":[{\"@type\":\"WebPage\",\"@id\":\"https:\/\/www.malik-management.com\/de\/gelddigitalisierung-und-eigentumsoekonomie\/\",\"url\":\"https:\/\/www.malik-management.com\/de\/gelddigitalisierung-und-eigentumsoekonomie\/\",\"name\":\"Gelddigitalisierung und Eigentums\u00f6konomie - Malik Management\",\"isPartOf\":{\"@id\":\"https:\/\/www.malik-management.com\/de\/#website\"},\"primaryImageOfPage\":{\"@id\":\"https:\/\/www.malik-management.com\/de\/gelddigitalisierung-und-eigentumsoekonomie\/#primaryimage\"},\"image\":{\"@id\":\"https:\/\/www.malik-management.com\/de\/gelddigitalisierung-und-eigentumsoekonomie\/#primaryimage\"},\"thumbnailUrl\":\"https:\/\/blog.malik-management.com\/wp-content\/uploads\/2011\/12\/malik-blog-heinsohn21.jpg\",\"datePublished\":\"2013-09-05T08:12:54+00:00\",\"breadcrumb\":{\"@id\":\"https:\/\/www.malik-management.com\/de\/gelddigitalisierung-und-eigentumsoekonomie\/#breadcrumb\"},\"inLanguage\":\"de\",\"potentialAction\":[{\"@type\":\"ReadAction\",\"target\":[\"https:\/\/www.malik-management.com\/de\/gelddigitalisierung-und-eigentumsoekonomie\/\"]}]},{\"@type\":\"ImageObject\",\"inLanguage\":\"de\",\"@id\":\"https:\/\/www.malik-management.com\/de\/gelddigitalisierung-und-eigentumsoekonomie\/#primaryimage\",\"url\":\"https:\/\/blog.malik-management.com\/wp-content\/uploads\/2011\/12\/malik-blog-heinsohn21.jpg\",\"contentUrl\":\"https:\/\/blog.malik-management.com\/wp-content\/uploads\/2011\/12\/malik-blog-heinsohn21.jpg\"},{\"@type\":\"BreadcrumbList\",\"@id\":\"https:\/\/www.malik-management.com\/de\/gelddigitalisierung-und-eigentumsoekonomie\/#breadcrumb\",\"itemListElement\":[{\"@type\":\"ListItem\",\"position\":1,\"name\":\"Home\",\"item\":\"https:\/\/www.malik-management.com\/de\/\"},{\"@type\":\"ListItem\",\"position\":2,\"name\":\"Gelddigitalisierung und Eigentums\u00f6konomie\"}]},{\"@type\":\"WebSite\",\"@id\":\"https:\/\/www.malik-management.com\/de\/#website\",\"url\":\"https:\/\/www.malik-management.com\/de\/\",\"name\":\"Malik Management\",\"description\":\"Beyond conventional management\",\"publisher\":{\"@id\":\"https:\/\/www.malik-management.com\/de\/#organization\"},\"potentialAction\":[{\"@type\":\"SearchAction\",\"target\":{\"@type\":\"EntryPoint\",\"urlTemplate\":\"https:\/\/www.malik-management.com\/de\/?s={search_term_string}\"},\"query-input\":{\"@type\":\"PropertyValueSpecification\",\"valueRequired\":true,\"valueName\":\"search_term_string\"}}],\"inLanguage\":\"de\"},{\"@type\":\"Organization\",\"@id\":\"https:\/\/www.malik-management.com\/de\/#organization\",\"name\":\"malik international AG\",\"url\":\"https:\/\/www.malik-management.com\/de\/\",\"logo\":{\"@type\":\"ImageObject\",\"inLanguage\":\"de\",\"@id\":\"https:\/\/www.malik-management.com\/de\/#\/schema\/logo\/image\/\",\"url\":\"https:\/\/www.malik-management.com\/wp-content\/uploads\/2018\/09\/Logo_malik_weiss-klein3.png\",\"contentUrl\":\"https:\/\/www.malik-management.com\/wp-content\/uploads\/2018\/09\/Logo_malik_weiss-klein3.png\",\"width\":140,\"height\":41,\"caption\":\"malik international AG\"},\"image\":{\"@id\":\"https:\/\/www.malik-management.com\/de\/#\/schema\/logo\/image\/\"},\"sameAs\":[\"https:\/\/www.linkedin.com\/company\/30160\",\"https:\/\/www.youtube.com\/user\/malikmanagement\"]}]}<\/script>\n<!-- \/ Yoast SEO plugin. -->","yoast_head_json":{"title":"Gelddigitalisierung und Eigentums\u00f6konomie - Malik Management","robots":{"index":"index","follow":"follow","max-snippet":"max-snippet:-1","max-image-preview":"max-image-preview:large","max-video-preview":"max-video-preview:-1"},"canonical":"https:\/\/www.malik-management.com\/de\/gelddigitalisierung-und-eigentumsoekonomie\/","og_locale":"de_DE","og_type":"article","og_title":"Gelddigitalisierung und Eigentums\u00f6konomie - Malik Management","og_description":"zur \u00dcbersicht der Antworten &nbsp; Antwort auf das Posting von User Max Gm\u00fcr im Malik Blog vom 31.08.2013 zum Thema Vermorschende Gesellschaften: Prof. Dr. Dr. Gunnar Heinsohn, Bremen am 04.09.2013: Schauen wir exemplarisch auf das momentan anspruchvollste elektronische Zahlungssystem: Bitcoin. Seine Basis ist die Ehrlichkeit der Mineure bei der Schaffung einer Bitcoin-Einheit, ihre Bereitschaft Bitcoins als Zahlungsmittel anzunehmen und ihr [...]","og_url":"https:\/\/www.malik-management.com\/de\/gelddigitalisierung-und-eigentumsoekonomie\/","og_site_name":"Malik Management","og_image":[{"url":"https:\/\/blog.malik-management.com\/wp-content\/uploads\/2011\/12\/malik-blog-heinsohn21.jpg","type":"","width":"","height":""}],"twitter_card":"summary_large_image","twitter_misc":{"Gesch\u00e4tzte Lesezeit":"5\u00a0Minuten"},"schema":{"@context":"https:\/\/schema.org","@graph":[{"@type":"WebPage","@id":"https:\/\/www.malik-management.com\/de\/gelddigitalisierung-und-eigentumsoekonomie\/","url":"https:\/\/www.malik-management.com\/de\/gelddigitalisierung-und-eigentumsoekonomie\/","name":"Gelddigitalisierung und Eigentums\u00f6konomie - Malik Management","isPartOf":{"@id":"https:\/\/www.malik-management.com\/de\/#website"},"primaryImageOfPage":{"@id":"https:\/\/www.malik-management.com\/de\/gelddigitalisierung-und-eigentumsoekonomie\/#primaryimage"},"image":{"@id":"https:\/\/www.malik-management.com\/de\/gelddigitalisierung-und-eigentumsoekonomie\/#primaryimage"},"thumbnailUrl":"https:\/\/blog.malik-management.com\/wp-content\/uploads\/2011\/12\/malik-blog-heinsohn21.jpg","datePublished":"2013-09-05T08:12:54+00:00","breadcrumb":{"@id":"https:\/\/www.malik-management.com\/de\/gelddigitalisierung-und-eigentumsoekonomie\/#breadcrumb"},"inLanguage":"de","potentialAction":[{"@type":"ReadAction","target":["https:\/\/www.malik-management.com\/de\/gelddigitalisierung-und-eigentumsoekonomie\/"]}]},{"@type":"ImageObject","inLanguage":"de","@id":"https:\/\/www.malik-management.com\/de\/gelddigitalisierung-und-eigentumsoekonomie\/#primaryimage","url":"https:\/\/blog.malik-management.com\/wp-content\/uploads\/2011\/12\/malik-blog-heinsohn21.jpg","contentUrl":"https:\/\/blog.malik-management.com\/wp-content\/uploads\/2011\/12\/malik-blog-heinsohn21.jpg"},{"@type":"BreadcrumbList","@id":"https:\/\/www.malik-management.com\/de\/gelddigitalisierung-und-eigentumsoekonomie\/#breadcrumb","itemListElement":[{"@type":"ListItem","position":1,"name":"Home","item":"https:\/\/www.malik-management.com\/de\/"},{"@type":"ListItem","position":2,"name":"Gelddigitalisierung und Eigentums\u00f6konomie"}]},{"@type":"WebSite","@id":"https:\/\/www.malik-management.com\/de\/#website","url":"https:\/\/www.malik-management.com\/de\/","name":"Malik Management","description":"Beyond conventional management","publisher":{"@id":"https:\/\/www.malik-management.com\/de\/#organization"},"potentialAction":[{"@type":"SearchAction","target":{"@type":"EntryPoint","urlTemplate":"https:\/\/www.malik-management.com\/de\/?s={search_term_string}"},"query-input":{"@type":"PropertyValueSpecification","valueRequired":true,"valueName":"search_term_string"}}],"inLanguage":"de"},{"@type":"Organization","@id":"https:\/\/www.malik-management.com\/de\/#organization","name":"malik international AG","url":"https:\/\/www.malik-management.com\/de\/","logo":{"@type":"ImageObject","inLanguage":"de","@id":"https:\/\/www.malik-management.com\/de\/#\/schema\/logo\/image\/","url":"https:\/\/www.malik-management.com\/wp-content\/uploads\/2018\/09\/Logo_malik_weiss-klein3.png","contentUrl":"https:\/\/www.malik-management.com\/wp-content\/uploads\/2018\/09\/Logo_malik_weiss-klein3.png","width":140,"height":41,"caption":"malik international AG"},"image":{"@id":"https:\/\/www.malik-management.com\/de\/#\/schema\/logo\/image\/"},"sameAs":["https:\/\/www.linkedin.com\/company\/30160","https:\/\/www.youtube.com\/user\/malikmanagement"]}]}},"_links":{"self":[{"href":"https:\/\/www.malik-management.com\/de\/wp-json\/wp\/v2\/pages\/2954","targetHints":{"allow":["GET"]}}],"collection":[{"href":"https:\/\/www.malik-management.com\/de\/wp-json\/wp\/v2\/pages"}],"about":[{"href":"https:\/\/www.malik-management.com\/de\/wp-json\/wp\/v2\/types\/page"}],"author":[{"embeddable":true,"href":"https:\/\/www.malik-management.com\/de\/wp-json\/wp\/v2\/users\/3"}],"replies":[{"embeddable":true,"href":"https:\/\/www.malik-management.com\/de\/wp-json\/wp\/v2\/comments?post=2954"}],"version-history":[{"count":0,"href":"https:\/\/www.malik-management.com\/de\/wp-json\/wp\/v2\/pages\/2954\/revisions"}],"wp:attachment":[{"href":"https:\/\/www.malik-management.com\/de\/wp-json\/wp\/v2\/media?parent=2954"}],"curies":[{"name":"wp","href":"https:\/\/api.w.org\/{rel}","templated":true}]}}