{"id":3174,"date":"2013-12-11T13:40:12","date_gmt":"2013-12-11T12:40:12","guid":{"rendered":"https:\/\/blog.malik-management.com\/?page_id=3174"},"modified":"2013-12-11T13:40:12","modified_gmt":"2013-12-11T12:40:12","slug":"deflationsverzoegerung-erster-und-zweiter-klasse","status":"publish","type":"page","link":"https:\/\/www.malik-management.com\/de\/deflationsverzoegerung-erster-und-zweiter-klasse\/","title":{"rendered":"Deflationsverz\u00f6gerung erster und zweiter Klasse"},"content":{"rendered":"<p><a title=\"Heinsohn-Antworten\" href=\"https:\/\/blog.malik-management.com\/heinsohn-antworten\/\">zur \u00dcbersicht der Antworten<\/a><br \/>\n&nbsp;<br \/>\n<strong>Prof. Dr. Dr. Gunnar Heinsohn, Bremen am 05.12.2013:<\/strong><br \/>\n<img decoding=\"async\" class=\"alignleft\" style=\"margin-right: 15px;\" title=\"Prof. Dr. Dr. Gunnar Heinsohn\" src=\"https:\/\/blog.malik-management.com\/wp-content\/uploads\/2011\/12\/malik-blog-heinsohn21.jpg\" alt=\"\" width=\"90\" height=\"120\" \/>Preissteigerungen, die von der Eigenkapital ausl\u00f6schenden Deflation wegf\u00fchren, gibt es erster und zweiter Klasse. Wenn Unternehmenspreise durch Modernisierung verteidigt werden, wenn Produktionserweiterungen erfolgen oder gar nie zuvor gesehene Branchen entstehen, m\u00fcssen Kredite auch dann aufgenommen werden, wenn die Preise f\u00fcr neue Technologien sowie die L\u00f6hne f\u00fcr rare Experten \u00fcber den bisherigen liegen. Von solcher hei\u00df ersehnter Preissteigerung aber sind die meisten OECD-Staaten weit entfernt.<br \/>\nErfolg gibt es beim zweitklassigen Auftrieb, der nicht aus Unternehmensdynamik, sondern aus Zentralbank-Nullzins f\u00fcr Investmentbanken resultiert, die Unternehmen nur von au\u00dfen kennen, aber alles so lange hochpreisen k\u00f6nnen, wie die \u2013 in sich weitgehend unver\u00e4nderten \u2013 Ertr\u00e4ge \u00fcber einem Zins von 0,25 oder 0,1 Prozent bleiben.<br \/>\nNat\u00fcrlich merken die Zentralbanken, dass ihnen nur leistungsfreie Preisblasen gelingen. Auch das Hochziehen von fallenden Staatstitelpreisen klappt durch Nullzins noch so lange, wie das Investieren in solche Schrottpapiere nicht mit Eigenkapital unterlegt werden muss wie jeder Kredit an Unternehmen und auch der Ankauf jeder Aktie. Doch bei den allein z\u00e4hlenden Unternehmenskrediten kommt man einfach nicht voran. Im Gegenteil, es geht sogar r\u00fcckw\u00e4rts. So fallen in der Eurozone solche Ausleihungen zwischen Januar 2010 und Oktober 2013 um rund acht Prozent. In ihrer Verzweiflung suchen die Zentralbanken nach neuen Wegen, durch die ihr Nullzinsgeld nicht nur Blasen bewirken, sondern Unternehmen und Arbeiter in Leistung treiben. Daf\u00fcr sollen \u2013 so eines der Gedankenspiele \u2013 den Gesch\u00e4ftsbanken die auf Konten der Zentralbanken liegenden Summen durch Negativzins stetig beschnitten werden. Dann \u2013 so hofft man \u2013 w\u00fcrden sie es doch lieber an Unternehmen ausleihen.<br \/>\nZus\u00e4tzlich denkt man daran, nullzinsige Langfristkredite in Billionenh\u00f6he nicht mehr wie seit 2011 bedingungslos und gleich \u00fcber drei Jahre, sondern nur einj\u00e4hrig und mit einer Verpflichtung zum Weiterverleihen herauszureichen. Das aber hat die Bank of England mit ihrem &#8222;Funding for Lending Scheme&#8220; l\u00e4ngst versucht und ist damit kl\u00e4glich gescheitert. W\u00e4hrend des Laufens dieses Programms sind die Kredite an Unternehmen weiter zur\u00fcckgegangen. Die Wiederholung unbrauchbarer Instrumente zeigt einmal mehr, dass Zentralbanken Unternehmen nicht verstehen. Die investieren schlie\u00dflich nicht, wenn Zinsen niedrig sind, sondern wenn sie m\u00fcssen, weil Innovationen der Konkurrenz sie gef\u00e4hrden oder sie mit eigenen Neuerungen ihre Branche vor sich hertreiben k\u00f6nnen \u2013 und auch das alles nur, wenn sie \u00fcber Verpf\u00e4ndungsmasse f\u00fcr die Kreditbesicherung verf\u00fcgen.<br \/>\nGesch\u00e4ftsbanken k\u00f6nnen Unternehmen nun weder Erfindungen noch Kollateral f\u00fcr die Kreditbesicherung zustecken. Und sie k\u00f6nnen ihnen keine kompetenten Arbeitskr\u00e4fte zuf\u00fchren, die technischen Fortschritt vorlegen oder eine erfolgreiche Aufholjagd schaffen. Wo aber solche Bedingungen erf\u00fcllt sind, braucht niemand die Gesch\u00e4ftsbanken zur Kreditvergabe zu animieren. Sie w\u00fcrden sich um solche Schuldner rei\u00dfen. Da auch Zentralbanken \u00fcber keinerlei Geheimreserven verf\u00fcgen, aus denen sie Unternehmen Pfandeigentum, Patente und Spezialisten \u00fcbertragen k\u00f6nnten, m\u00fcssen sie sich auch weiterhin auf das Aufpumpen von Preisblasen beschr\u00e4nken, w\u00e4hrend das Anschieben der begehrten Inflation aus einem echten Innovationsboom jenseits ihrer Macht bleibt.<\/p>\n","protected":false},"excerpt":{"rendered":"<p>zur \u00dcbersicht der Antworten &nbsp; Prof. Dr. Dr. Gunnar Heinsohn, Bremen am 05.12.2013: Preissteigerungen, die von der Eigenkapital ausl\u00f6schenden Deflation wegf\u00fchren, gibt es erster und zweiter Klasse. Wenn Unternehmenspreise durch Modernisierung verteidigt werden, wenn Produktionserweiterungen erfolgen oder gar nie zuvor gesehene Branchen entstehen, m\u00fcssen Kredite auch dann aufgenommen werden, wenn die Preise f\u00fcr neue Technologien sowie die L\u00f6hne f\u00fcr rare  [&#8230;]<\/p>\n","protected":false},"author":3,"featured_media":0,"parent":0,"menu_order":0,"comment_status":"open","ping_status":"open","template":"","meta":{"_acf_changed":false,"_bbp_topic_count":0,"_bbp_reply_count":0,"_bbp_total_topic_count":0,"_bbp_total_reply_count":0,"_bbp_voice_count":0,"_bbp_anonymous_reply_count":0,"_bbp_topic_count_hidden":0,"_bbp_reply_count_hidden":0,"_bbp_forum_subforum_count":0,"footnotes":""},"class_list":["post-3174","page","type-page","status-publish","hentry"],"acf":[],"yoast_head":"<!-- This site is optimized with the Yoast SEO plugin v26.4 - https:\/\/yoast.com\/wordpress\/plugins\/seo\/ -->\n<title>Deflationsverz\u00f6gerung erster und zweiter Klasse - Malik Management<\/title>\n<meta name=\"robots\" content=\"index, follow, max-snippet:-1, max-image-preview:large, max-video-preview:-1\" \/>\n<link rel=\"canonical\" href=\"https:\/\/www.malik-management.com\/de\/deflationsverzoegerung-erster-und-zweiter-klasse\/\" \/>\n<meta property=\"og:locale\" content=\"de_DE\" \/>\n<meta property=\"og:type\" content=\"article\" \/>\n<meta property=\"og:title\" content=\"Deflationsverz\u00f6gerung erster und zweiter Klasse - Malik Management\" \/>\n<meta property=\"og:description\" content=\"zur \u00dcbersicht der Antworten &nbsp; Prof. Dr. Dr. Gunnar Heinsohn, Bremen am 05.12.2013: Preissteigerungen, die von der Eigenkapital ausl\u00f6schenden Deflation wegf\u00fchren, gibt es erster und zweiter Klasse. Wenn Unternehmenspreise durch Modernisierung verteidigt werden, wenn Produktionserweiterungen erfolgen oder gar nie zuvor gesehene Branchen entstehen, m\u00fcssen Kredite auch dann aufgenommen werden, wenn die Preise f\u00fcr neue Technologien sowie die L\u00f6hne f\u00fcr rare [...]\" \/>\n<meta property=\"og:url\" content=\"https:\/\/www.malik-management.com\/de\/deflationsverzoegerung-erster-und-zweiter-klasse\/\" \/>\n<meta property=\"og:site_name\" content=\"Malik Management\" \/>\n<meta property=\"og:image\" content=\"https:\/\/blog.malik-management.com\/wp-content\/uploads\/2011\/12\/malik-blog-heinsohn21.jpg\" \/>\n<meta name=\"twitter:card\" content=\"summary_large_image\" \/>\n<meta name=\"twitter:label1\" content=\"Gesch\u00e4tzte Lesezeit\" \/>\n\t<meta name=\"twitter:data1\" content=\"3\u00a0Minuten\" \/>\n<script type=\"application\/ld+json\" class=\"yoast-schema-graph\">{\"@context\":\"https:\/\/schema.org\",\"@graph\":[{\"@type\":\"WebPage\",\"@id\":\"https:\/\/www.malik-management.com\/de\/deflationsverzoegerung-erster-und-zweiter-klasse\/\",\"url\":\"https:\/\/www.malik-management.com\/de\/deflationsverzoegerung-erster-und-zweiter-klasse\/\",\"name\":\"Deflationsverz\u00f6gerung erster und zweiter Klasse - Malik Management\",\"isPartOf\":{\"@id\":\"https:\/\/www.malik-management.com\/de\/#website\"},\"primaryImageOfPage\":{\"@id\":\"https:\/\/www.malik-management.com\/de\/deflationsverzoegerung-erster-und-zweiter-klasse\/#primaryimage\"},\"image\":{\"@id\":\"https:\/\/www.malik-management.com\/de\/deflationsverzoegerung-erster-und-zweiter-klasse\/#primaryimage\"},\"thumbnailUrl\":\"https:\/\/blog.malik-management.com\/wp-content\/uploads\/2011\/12\/malik-blog-heinsohn21.jpg\",\"datePublished\":\"2013-12-11T12:40:12+00:00\",\"breadcrumb\":{\"@id\":\"https:\/\/www.malik-management.com\/de\/deflationsverzoegerung-erster-und-zweiter-klasse\/#breadcrumb\"},\"inLanguage\":\"de\",\"potentialAction\":[{\"@type\":\"ReadAction\",\"target\":[\"https:\/\/www.malik-management.com\/de\/deflationsverzoegerung-erster-und-zweiter-klasse\/\"]}]},{\"@type\":\"ImageObject\",\"inLanguage\":\"de\",\"@id\":\"https:\/\/www.malik-management.com\/de\/deflationsverzoegerung-erster-und-zweiter-klasse\/#primaryimage\",\"url\":\"https:\/\/blog.malik-management.com\/wp-content\/uploads\/2011\/12\/malik-blog-heinsohn21.jpg\",\"contentUrl\":\"https:\/\/blog.malik-management.com\/wp-content\/uploads\/2011\/12\/malik-blog-heinsohn21.jpg\"},{\"@type\":\"BreadcrumbList\",\"@id\":\"https:\/\/www.malik-management.com\/de\/deflationsverzoegerung-erster-und-zweiter-klasse\/#breadcrumb\",\"itemListElement\":[{\"@type\":\"ListItem\",\"position\":1,\"name\":\"Home\",\"item\":\"https:\/\/www.malik-management.com\/de\/\"},{\"@type\":\"ListItem\",\"position\":2,\"name\":\"Deflationsverz\u00f6gerung erster und zweiter Klasse\"}]},{\"@type\":\"WebSite\",\"@id\":\"https:\/\/www.malik-management.com\/de\/#website\",\"url\":\"https:\/\/www.malik-management.com\/de\/\",\"name\":\"Malik Management\",\"description\":\"Beyond conventional management\",\"publisher\":{\"@id\":\"https:\/\/www.malik-management.com\/de\/#organization\"},\"potentialAction\":[{\"@type\":\"SearchAction\",\"target\":{\"@type\":\"EntryPoint\",\"urlTemplate\":\"https:\/\/www.malik-management.com\/de\/?s={search_term_string}\"},\"query-input\":{\"@type\":\"PropertyValueSpecification\",\"valueRequired\":true,\"valueName\":\"search_term_string\"}}],\"inLanguage\":\"de\"},{\"@type\":\"Organization\",\"@id\":\"https:\/\/www.malik-management.com\/de\/#organization\",\"name\":\"malik international AG\",\"url\":\"https:\/\/www.malik-management.com\/de\/\",\"logo\":{\"@type\":\"ImageObject\",\"inLanguage\":\"de\",\"@id\":\"https:\/\/www.malik-management.com\/de\/#\/schema\/logo\/image\/\",\"url\":\"https:\/\/www.malik-management.com\/wp-content\/uploads\/2018\/09\/Logo_malik_weiss-klein3.png\",\"contentUrl\":\"https:\/\/www.malik-management.com\/wp-content\/uploads\/2018\/09\/Logo_malik_weiss-klein3.png\",\"width\":140,\"height\":41,\"caption\":\"malik international AG\"},\"image\":{\"@id\":\"https:\/\/www.malik-management.com\/de\/#\/schema\/logo\/image\/\"},\"sameAs\":[\"https:\/\/www.linkedin.com\/company\/30160\",\"https:\/\/www.youtube.com\/user\/malikmanagement\"]}]}<\/script>\n<!-- \/ Yoast SEO plugin. -->","yoast_head_json":{"title":"Deflationsverz\u00f6gerung erster und zweiter Klasse - Malik Management","robots":{"index":"index","follow":"follow","max-snippet":"max-snippet:-1","max-image-preview":"max-image-preview:large","max-video-preview":"max-video-preview:-1"},"canonical":"https:\/\/www.malik-management.com\/de\/deflationsverzoegerung-erster-und-zweiter-klasse\/","og_locale":"de_DE","og_type":"article","og_title":"Deflationsverz\u00f6gerung erster und zweiter Klasse - Malik Management","og_description":"zur \u00dcbersicht der Antworten &nbsp; Prof. Dr. Dr. Gunnar Heinsohn, Bremen am 05.12.2013: Preissteigerungen, die von der Eigenkapital ausl\u00f6schenden Deflation wegf\u00fchren, gibt es erster und zweiter Klasse. Wenn Unternehmenspreise durch Modernisierung verteidigt werden, wenn Produktionserweiterungen erfolgen oder gar nie zuvor gesehene Branchen entstehen, m\u00fcssen Kredite auch dann aufgenommen werden, wenn die Preise f\u00fcr neue Technologien sowie die L\u00f6hne f\u00fcr rare [...]","og_url":"https:\/\/www.malik-management.com\/de\/deflationsverzoegerung-erster-und-zweiter-klasse\/","og_site_name":"Malik Management","og_image":[{"url":"https:\/\/blog.malik-management.com\/wp-content\/uploads\/2011\/12\/malik-blog-heinsohn21.jpg","type":"","width":"","height":""}],"twitter_card":"summary_large_image","twitter_misc":{"Gesch\u00e4tzte Lesezeit":"3\u00a0Minuten"},"schema":{"@context":"https:\/\/schema.org","@graph":[{"@type":"WebPage","@id":"https:\/\/www.malik-management.com\/de\/deflationsverzoegerung-erster-und-zweiter-klasse\/","url":"https:\/\/www.malik-management.com\/de\/deflationsverzoegerung-erster-und-zweiter-klasse\/","name":"Deflationsverz\u00f6gerung erster und zweiter Klasse - Malik Management","isPartOf":{"@id":"https:\/\/www.malik-management.com\/de\/#website"},"primaryImageOfPage":{"@id":"https:\/\/www.malik-management.com\/de\/deflationsverzoegerung-erster-und-zweiter-klasse\/#primaryimage"},"image":{"@id":"https:\/\/www.malik-management.com\/de\/deflationsverzoegerung-erster-und-zweiter-klasse\/#primaryimage"},"thumbnailUrl":"https:\/\/blog.malik-management.com\/wp-content\/uploads\/2011\/12\/malik-blog-heinsohn21.jpg","datePublished":"2013-12-11T12:40:12+00:00","breadcrumb":{"@id":"https:\/\/www.malik-management.com\/de\/deflationsverzoegerung-erster-und-zweiter-klasse\/#breadcrumb"},"inLanguage":"de","potentialAction":[{"@type":"ReadAction","target":["https:\/\/www.malik-management.com\/de\/deflationsverzoegerung-erster-und-zweiter-klasse\/"]}]},{"@type":"ImageObject","inLanguage":"de","@id":"https:\/\/www.malik-management.com\/de\/deflationsverzoegerung-erster-und-zweiter-klasse\/#primaryimage","url":"https:\/\/blog.malik-management.com\/wp-content\/uploads\/2011\/12\/malik-blog-heinsohn21.jpg","contentUrl":"https:\/\/blog.malik-management.com\/wp-content\/uploads\/2011\/12\/malik-blog-heinsohn21.jpg"},{"@type":"BreadcrumbList","@id":"https:\/\/www.malik-management.com\/de\/deflationsverzoegerung-erster-und-zweiter-klasse\/#breadcrumb","itemListElement":[{"@type":"ListItem","position":1,"name":"Home","item":"https:\/\/www.malik-management.com\/de\/"},{"@type":"ListItem","position":2,"name":"Deflationsverz\u00f6gerung erster und zweiter Klasse"}]},{"@type":"WebSite","@id":"https:\/\/www.malik-management.com\/de\/#website","url":"https:\/\/www.malik-management.com\/de\/","name":"Malik Management","description":"Beyond conventional management","publisher":{"@id":"https:\/\/www.malik-management.com\/de\/#organization"},"potentialAction":[{"@type":"SearchAction","target":{"@type":"EntryPoint","urlTemplate":"https:\/\/www.malik-management.com\/de\/?s={search_term_string}"},"query-input":{"@type":"PropertyValueSpecification","valueRequired":true,"valueName":"search_term_string"}}],"inLanguage":"de"},{"@type":"Organization","@id":"https:\/\/www.malik-management.com\/de\/#organization","name":"malik international AG","url":"https:\/\/www.malik-management.com\/de\/","logo":{"@type":"ImageObject","inLanguage":"de","@id":"https:\/\/www.malik-management.com\/de\/#\/schema\/logo\/image\/","url":"https:\/\/www.malik-management.com\/wp-content\/uploads\/2018\/09\/Logo_malik_weiss-klein3.png","contentUrl":"https:\/\/www.malik-management.com\/wp-content\/uploads\/2018\/09\/Logo_malik_weiss-klein3.png","width":140,"height":41,"caption":"malik international AG"},"image":{"@id":"https:\/\/www.malik-management.com\/de\/#\/schema\/logo\/image\/"},"sameAs":["https:\/\/www.linkedin.com\/company\/30160","https:\/\/www.youtube.com\/user\/malikmanagement"]}]}},"_links":{"self":[{"href":"https:\/\/www.malik-management.com\/de\/wp-json\/wp\/v2\/pages\/3174","targetHints":{"allow":["GET"]}}],"collection":[{"href":"https:\/\/www.malik-management.com\/de\/wp-json\/wp\/v2\/pages"}],"about":[{"href":"https:\/\/www.malik-management.com\/de\/wp-json\/wp\/v2\/types\/page"}],"author":[{"embeddable":true,"href":"https:\/\/www.malik-management.com\/de\/wp-json\/wp\/v2\/users\/3"}],"replies":[{"embeddable":true,"href":"https:\/\/www.malik-management.com\/de\/wp-json\/wp\/v2\/comments?post=3174"}],"version-history":[{"count":0,"href":"https:\/\/www.malik-management.com\/de\/wp-json\/wp\/v2\/pages\/3174\/revisions"}],"wp:attachment":[{"href":"https:\/\/www.malik-management.com\/de\/wp-json\/wp\/v2\/media?parent=3174"}],"curies":[{"name":"wp","href":"https:\/\/api.w.org\/{rel}","templated":true}]}}