{"id":3344,"date":"2014-02-06T14:22:16","date_gmt":"2014-02-06T13:22:16","guid":{"rendered":"https:\/\/blog.malik-management.com\/?page_id=3344"},"modified":"2014-02-06T14:22:16","modified_gmt":"2014-02-06T13:22:16","slug":"blockierte-aufwaertsmobilitaet-in-den-usa","status":"publish","type":"page","link":"https:\/\/www.malik-management.com\/de\/blockierte-aufwaertsmobilitaet-in-den-usa\/","title":{"rendered":"Blockierte Aufw\u00e4rtsmobilit\u00e4t in den USA"},"content":{"rendered":"<p><a title=\"Heinsohn-Antworten\" href=\"https:\/\/blog.malik-management.com\/heinsohn-antworten\/\">zur \u00dcbersicht der Antworten<\/a><br \/>\n&nbsp;<br \/>\n<strong>Prof. Dr. Dr. Gunnar Heinsohn, Bremen am 04.02.2014:<\/strong><br \/>\n<img decoding=\"async\" class=\"alignleft\" style=\"margin-right: 15px;\" title=\"Prof. Dr. Dr. Gunnar Heinsohn\" src=\"https:\/\/blog.malik-management.com\/wp-content\/uploads\/2011\/12\/malik-blog-heinsohn21.jpg\" alt=\"\" width=\"90\" height=\"120\" \/><br \/>\nSeit dem von Jule Sugarman 1965 begonnenen Head-Start-Programm, das arme amerikanische Kinder mit gesunden Nahrungsmitteln versorgt und spielerisch-motivierende Erziehungswege er\u00f6ffnet (f\u00fcr bis heute 180 Mrd. Dollar), gibt es bei der Kompetenz keinerlei R\u00fcckgang der Unterschiede zwischen den gro\u00dfen Bev\u00f6lkerungsgruppen. &#8222;Whites&#8220; liegen hinter &#8222;Asians&#8220;, aber vor &#8222;Hispanics&#8220; und &#8222;Afro-Americans&#8220;. Wenn es \u00fcberhaupt eine Bewegung gibt, dann beim Ausbau des Vorsprungs von Amerikanern chinesischer, koreanischer und japanischer Herkunft gegen\u00fcber &#8222;Whites&#8220; (mit der Ausnahme von Aschkenasi). Zusammen steuern sie eine H\u00e4lfte der Neugeborenen bei, w\u00e4hrend die anderen f\u00fcnfzig Prozent prek\u00e4r aufwachsen. Auch deshalb klagt Amerikas Erziehungsminister Arne Duncan am 13. Januar 2014 \u00fcber &#8222;niederschmetternde Leistungsabst\u00e4nde&#8220; zwischen Amerikas wichtigsten Bev\u00f6lkerungsgruppen, die einfach nicht abnehmen wollen (<a href=\"http:\/\/www.ed.gov\/news\/speeches\/remarks-us-secretary-education-arne-duncan-national-assessment-governing-board-educati\" target=\"_blank\">http:\/\/www.ed.gov\/news\/speeches\/remarks-us-secretary-education-arne-duncan-national-assessment-governing-board-educati<\/a>).<br \/>\nMittlerweile wissen wir, dass Amerika seit 1971 \u00a0bei der Aufw\u00e4rtsmobilit\u00e4t \u2013 das ist der Anteil der aus dem untersten in das oberste F\u00fcnftel Aufsteigenden \u2013 bei 7,8 Prozent verharrt (nur 78 von 1.000 Kindern schaffen es; <a href=\"http:\/\/obs.rc.fas.harvard.edu\/chetty\/mobility_geo.pdf\" target=\"_blank\">http:\/\/obs.rc.fas.harvard.edu\/chetty\/mobility_geo.pdf<\/a>; 2014). Zwar erreicht das ostasiatisch gepr\u00e4gte San Jose (Kalifornien) knapp dreizehn, aber North Carolina oder Georgia landen unter f\u00fcnf Prozent. Die Stagnation erweist sich in Wirklichkeit sogar als R\u00fcckgang, weil gesetzliche Blockaden f\u00fcr die Verwendung von Frauen und Minderheiten seit Jahrzehnten \u00fcberwunden, die Aufstiegsm\u00f6glichkeiten also gewachsen sind. Ein r\u00e4tselhafter, aber z\u00e4her Faktor verhindert, dass selbst Megabetr\u00e4ge \u00fcber Jahrzehnte hinweg nichts bewirken.<br \/>\nDas haben wir doch gleich gesagt, kommt es von Harten unter den Konservativen. Doch auch die &#8222;mit Herz&#8220; beginnen zu wanken. Man habe \u2013 nicht immer jubelnd, aber doch entschlossen \u2013 die Umverteilung von oben nach unten ein halbes Jahrhundert mitgetragen. Und immer noch h\u00e4tten 60 Prozent der<strong> <\/strong>eingeschriebenen Republikaner Hoffnung auf ein Vorschulwunder (<a href=\"http:\/\/www.ffyf.org\/news\/strong-bipartisan-support-public-preschool-new-poll-suggests\" target=\"_blank\">http:\/\/www.ffyf.org\/news\/strong-bipartisan-support-public-preschool-new-poll-suggests<\/a>). Doch werde es schwerer, der W\u00e4hlerschaft alsbaldige Erfolge glaubhaft zu machen.<br \/>\nGanz anders klingt der Pr\u00e4sident. Bei fast jedem innenpolitischen Auftritt \u2013 seit der 2013er &#8222;State of the Union&#8220;-Rede mit dem &#8222;Universal Preschool&#8220;-Aufruf\u00a0 \u2013 versichert Obama dem Publikum, dass die Ma\u00dfnahmen zu kurzfristig und nicht radikal genug gewesen seien. Lediglich \u00fcber drei Generationen (bei Schwangerschaft der Ghettom\u00fctter mit 17 Jahren) habe man geforscht. Er aber arbeite daran, mindestens die H\u00e4lfte des Nachwuchses durch Krippenerziehung auf das mathematische Niveau der Ostasiaten zu heben. Die Besten aus der anderen H\u00e4lfte der Nation versuche man, als Krippenerzieher zu gewinnen. Billiger allerdings werde das nicht. Daf\u00fcr aber bedeute jeder heute eingesetzte Dollar eine Ersparnis von siebenmal so viel Geld in der Zukunft.<br \/>\nIn Europa teilt niemand die p\u00e4dagogische Begeisterung des Pr\u00e4sidenten so r\u00fcckhaltlos wie deutsche und \u00f6sterreichische Politiker. Die Krippe gilt auch zwischen Schwerin und Wien als Allheilmittel f\u00fcr die kognitive Aufholjagd. Doch von den Fachleuten gibt es Skepsis. In den USA selbst ist der Krippeneffekt besonders aufw\u00e4ndig in Texas untersucht worden (<a href=\"http:\/\/www.nber.org\/papers\/w18598.pdf\" target=\"_blank\">http:\/\/www.nber.org\/papers\/w18598.pdf<\/a>; 2012). Es gibt durchaus Erfolge \u2013 vor allem f\u00fcr die am schwersten Gesch\u00e4digten. Gleichwohl wird der Leistungsabstand zwischen Normalsch\u00fclern und Abgeschlagenen in der sp\u00e4teren Schulzeit gerade mal um ein Zehntel verringert. \u00dcberraschen kann das nicht, denn selbst im besonders homogenen D\u00e4nemark mit der global besten Kollektiverziehung f\u00fcr die Kleinsten schaffen es nur 15 Prozent aus dem untersten in das oberste Einkommensf\u00fcnftel (<a href=\"http:\/\/web.econ.ku.dk\/eprn_epru\/Seminar\/WealthAcrossGen.pdf\">http:\/\/web.econ.ku.dk\/eprn_epru\/Seminar\/WealthAcrossGen.pdf<\/a>; 2013).<br \/>\nUnerwartete Sch\u00fctzenhilfe bekommt Obama zwar nicht auf der p\u00e4dagogischen, aber auf der finanziellen Seite aus der Studie &#8222;The Son Also Rises&#8220; (Auch der Sohn steigt auf) von Gregory Clark (Princeton University Press, 2014). Als Mitglied der raren Spezies historischer Demografen findet der Forscher heraus, dass Kompetenzvorteile selbst \u00fcber 10 bis 15 Generation stabil bleiben. Umgekehrt gilt, dass ein Aufholerfolg auch nach mehr als drei Head-Start-Generationen keineswegs garantiert ist. Die Zerst\u00f6rung von K\u00f6nnerschaft ist nicht weniger schwer als ihr Aufbau. Noch mehr Gelder f\u00fcr ein weiteres halbes Jahrhundert d\u00fcrften deshalb in neuerlicher Entt\u00e4uschung enden.<br \/>\nNat\u00fcrlich kennt auch Clark den Taugenichts aus reichem Hause, der nicht so tief sinkt, wie seine Kompetenz nahelegt, weil er ererbtes Verm\u00f6gen verschleudern kann. Doch f\u00fcr den Normalfall kann er zeigen, dass die Leute im obersten F\u00fcnftel durch eine Kombination aus mitgebrachter Kompetenz und \u00fcberdurchschnittlichem Flei\u00df an ihren Wohlstand gelangen. Gerade weil man selbst mit noch mehr Milliarden die Vertikalmobilit\u00e4t kaum bef\u00f6rdern k\u00f6nne, brauche Amerika \u2013 so Clark \u2013 auch f\u00fcr alle Zukunft gewaltige Mittel f\u00fcr die Armen. Denn ihr mathematisches Stagnieren berechtige niemanden dazu, etwas von ihrer Menschenw\u00fcrde zu subtrahieren.<br \/>\nHier schl\u00e4gt sich ein Konservativer auf die Seite der Linken. Das p\u00e4dagogische Scheitern macht den hypertrophen sozialp\u00e4dagogischen Sektor weitgehend \u00fcberfl\u00fcssig, aber nicht die an ihn flie\u00dfenden Betr\u00e4ge. Im Gegenteil, sie m\u00fcssten auf lange Dauer f\u00fcr erhebliche Teile der Nation festgeschrieben werden. Zwar lasse man als Konservativer mit Herz unhaltbare p\u00e4dagogische Illusionen fallen, aber man nehme das erforderliche Geld in die Hand, um auch den Scheiternden ein angemessenes Einkommen zu zahlen. Das k\u00f6nne bei unver\u00e4nderten Gesamtausgaben sogar steigen, wenn die bisher fehlgeleiteten Mittel direkt an die Hilflosen gingen. Doch auch Clark wei\u00df, dass beim Wettbewerb zwischen den Nationen auf der Verliererseite landet, wer betr\u00e4chtlich mehr Immobile versorgen muss als die Konkurrenten. Dass Amerikas Besch\u00e4ftigungsquote (Anteil der Arbeitenden und Arbeitsuchenden an der Gesamtbev\u00f6lkerung) schon 2013 auf das Niveau von 1978 abst\u00fcrzt, belegt ebenfalls, dass die F\u00fchrungsmacht mehr als andere f\u00fcr seine Hilflosen ausgeben muss (<a href=\"http:\/\/money.cnn.com\/2013\/09\/06\/news\/economy\/labor-force-participation\/\" target=\"_blank\">http:\/\/money.cnn.com\/2013\/09\/06\/news\/economy\/labor-force-participation\/<\/a>).<\/p>\n","protected":false},"excerpt":{"rendered":"<p>zur \u00dcbersicht der Antworten &nbsp; Prof. Dr. Dr. Gunnar Heinsohn, Bremen am 04.02.2014: Seit dem von Jule Sugarman 1965 begonnenen Head-Start-Programm, das arme amerikanische Kinder mit gesunden Nahrungsmitteln versorgt und spielerisch-motivierende Erziehungswege er\u00f6ffnet (f\u00fcr bis heute 180 Mrd. Dollar), gibt es bei der Kompetenz keinerlei R\u00fcckgang der Unterschiede zwischen den gro\u00dfen Bev\u00f6lkerungsgruppen. &#8222;Whites&#8220; liegen hinter &#8222;Asians&#8220;, aber vor &#8222;Hispanics&#8220; und  [&#8230;]<\/p>\n","protected":false},"author":3,"featured_media":0,"parent":0,"menu_order":0,"comment_status":"open","ping_status":"open","template":"","meta":{"_acf_changed":false,"_bbp_topic_count":0,"_bbp_reply_count":0,"_bbp_total_topic_count":0,"_bbp_total_reply_count":0,"_bbp_voice_count":0,"_bbp_anonymous_reply_count":0,"_bbp_topic_count_hidden":0,"_bbp_reply_count_hidden":0,"_bbp_forum_subforum_count":0,"footnotes":""},"class_list":["post-3344","page","type-page","status-publish","hentry"],"acf":[],"yoast_head":"<!-- This site is optimized with the Yoast SEO plugin v26.4 - https:\/\/yoast.com\/wordpress\/plugins\/seo\/ -->\n<title>Blockierte Aufw\u00e4rtsmobilit\u00e4t in den USA - Malik Management<\/title>\n<meta name=\"robots\" content=\"index, follow, max-snippet:-1, max-image-preview:large, max-video-preview:-1\" \/>\n<link rel=\"canonical\" href=\"https:\/\/www.malik-management.com\/de\/blockierte-aufwaertsmobilitaet-in-den-usa\/\" \/>\n<meta property=\"og:locale\" content=\"de_DE\" \/>\n<meta property=\"og:type\" content=\"article\" \/>\n<meta property=\"og:title\" content=\"Blockierte Aufw\u00e4rtsmobilit\u00e4t in den USA - Malik Management\" \/>\n<meta property=\"og:description\" content=\"zur \u00dcbersicht der Antworten &nbsp; Prof. Dr. Dr. Gunnar Heinsohn, Bremen am 04.02.2014: Seit dem von Jule Sugarman 1965 begonnenen Head-Start-Programm, das arme amerikanische Kinder mit gesunden Nahrungsmitteln versorgt und spielerisch-motivierende Erziehungswege er\u00f6ffnet (f\u00fcr bis heute 180 Mrd. Dollar), gibt es bei der Kompetenz keinerlei R\u00fcckgang der Unterschiede zwischen den gro\u00dfen Bev\u00f6lkerungsgruppen. &#8222;Whites&#8220; liegen hinter &#8222;Asians&#8220;, aber vor &#8222;Hispanics&#8220; und [...]\" \/>\n<meta property=\"og:url\" content=\"https:\/\/www.malik-management.com\/de\/blockierte-aufwaertsmobilitaet-in-den-usa\/\" \/>\n<meta property=\"og:site_name\" content=\"Malik Management\" \/>\n<meta property=\"og:image\" content=\"https:\/\/blog.malik-management.com\/wp-content\/uploads\/2011\/12\/malik-blog-heinsohn21.jpg\" \/>\n<meta name=\"twitter:card\" content=\"summary_large_image\" \/>\n<meta name=\"twitter:label1\" content=\"Gesch\u00e4tzte Lesezeit\" \/>\n\t<meta name=\"twitter:data1\" content=\"5\u00a0Minuten\" \/>\n<script type=\"application\/ld+json\" class=\"yoast-schema-graph\">{\"@context\":\"https:\/\/schema.org\",\"@graph\":[{\"@type\":\"WebPage\",\"@id\":\"https:\/\/www.malik-management.com\/de\/blockierte-aufwaertsmobilitaet-in-den-usa\/\",\"url\":\"https:\/\/www.malik-management.com\/de\/blockierte-aufwaertsmobilitaet-in-den-usa\/\",\"name\":\"Blockierte Aufw\u00e4rtsmobilit\u00e4t in den USA - Malik Management\",\"isPartOf\":{\"@id\":\"https:\/\/www.malik-management.com\/de\/#website\"},\"primaryImageOfPage\":{\"@id\":\"https:\/\/www.malik-management.com\/de\/blockierte-aufwaertsmobilitaet-in-den-usa\/#primaryimage\"},\"image\":{\"@id\":\"https:\/\/www.malik-management.com\/de\/blockierte-aufwaertsmobilitaet-in-den-usa\/#primaryimage\"},\"thumbnailUrl\":\"https:\/\/blog.malik-management.com\/wp-content\/uploads\/2011\/12\/malik-blog-heinsohn21.jpg\",\"datePublished\":\"2014-02-06T13:22:16+00:00\",\"breadcrumb\":{\"@id\":\"https:\/\/www.malik-management.com\/de\/blockierte-aufwaertsmobilitaet-in-den-usa\/#breadcrumb\"},\"inLanguage\":\"de\",\"potentialAction\":[{\"@type\":\"ReadAction\",\"target\":[\"https:\/\/www.malik-management.com\/de\/blockierte-aufwaertsmobilitaet-in-den-usa\/\"]}]},{\"@type\":\"ImageObject\",\"inLanguage\":\"de\",\"@id\":\"https:\/\/www.malik-management.com\/de\/blockierte-aufwaertsmobilitaet-in-den-usa\/#primaryimage\",\"url\":\"https:\/\/blog.malik-management.com\/wp-content\/uploads\/2011\/12\/malik-blog-heinsohn21.jpg\",\"contentUrl\":\"https:\/\/blog.malik-management.com\/wp-content\/uploads\/2011\/12\/malik-blog-heinsohn21.jpg\"},{\"@type\":\"BreadcrumbList\",\"@id\":\"https:\/\/www.malik-management.com\/de\/blockierte-aufwaertsmobilitaet-in-den-usa\/#breadcrumb\",\"itemListElement\":[{\"@type\":\"ListItem\",\"position\":1,\"name\":\"Home\",\"item\":\"https:\/\/www.malik-management.com\/de\/\"},{\"@type\":\"ListItem\",\"position\":2,\"name\":\"Blockierte Aufw\u00e4rtsmobilit\u00e4t in den USA\"}]},{\"@type\":\"WebSite\",\"@id\":\"https:\/\/www.malik-management.com\/de\/#website\",\"url\":\"https:\/\/www.malik-management.com\/de\/\",\"name\":\"Malik Management\",\"description\":\"Beyond conventional management\",\"publisher\":{\"@id\":\"https:\/\/www.malik-management.com\/de\/#organization\"},\"potentialAction\":[{\"@type\":\"SearchAction\",\"target\":{\"@type\":\"EntryPoint\",\"urlTemplate\":\"https:\/\/www.malik-management.com\/de\/?s={search_term_string}\"},\"query-input\":{\"@type\":\"PropertyValueSpecification\",\"valueRequired\":true,\"valueName\":\"search_term_string\"}}],\"inLanguage\":\"de\"},{\"@type\":\"Organization\",\"@id\":\"https:\/\/www.malik-management.com\/de\/#organization\",\"name\":\"malik international AG\",\"url\":\"https:\/\/www.malik-management.com\/de\/\",\"logo\":{\"@type\":\"ImageObject\",\"inLanguage\":\"de\",\"@id\":\"https:\/\/www.malik-management.com\/de\/#\/schema\/logo\/image\/\",\"url\":\"https:\/\/www.malik-management.com\/wp-content\/uploads\/2018\/09\/Logo_malik_weiss-klein3.png\",\"contentUrl\":\"https:\/\/www.malik-management.com\/wp-content\/uploads\/2018\/09\/Logo_malik_weiss-klein3.png\",\"width\":140,\"height\":41,\"caption\":\"malik international AG\"},\"image\":{\"@id\":\"https:\/\/www.malik-management.com\/de\/#\/schema\/logo\/image\/\"},\"sameAs\":[\"https:\/\/www.linkedin.com\/company\/30160\",\"https:\/\/www.youtube.com\/user\/malikmanagement\"]}]}<\/script>\n<!-- \/ Yoast SEO plugin. -->","yoast_head_json":{"title":"Blockierte Aufw\u00e4rtsmobilit\u00e4t in den USA - Malik Management","robots":{"index":"index","follow":"follow","max-snippet":"max-snippet:-1","max-image-preview":"max-image-preview:large","max-video-preview":"max-video-preview:-1"},"canonical":"https:\/\/www.malik-management.com\/de\/blockierte-aufwaertsmobilitaet-in-den-usa\/","og_locale":"de_DE","og_type":"article","og_title":"Blockierte Aufw\u00e4rtsmobilit\u00e4t in den USA - Malik Management","og_description":"zur \u00dcbersicht der Antworten &nbsp; Prof. Dr. Dr. Gunnar Heinsohn, Bremen am 04.02.2014: Seit dem von Jule Sugarman 1965 begonnenen Head-Start-Programm, das arme amerikanische Kinder mit gesunden Nahrungsmitteln versorgt und spielerisch-motivierende Erziehungswege er\u00f6ffnet (f\u00fcr bis heute 180 Mrd. Dollar), gibt es bei der Kompetenz keinerlei R\u00fcckgang der Unterschiede zwischen den gro\u00dfen Bev\u00f6lkerungsgruppen. &#8222;Whites&#8220; liegen hinter &#8222;Asians&#8220;, aber vor &#8222;Hispanics&#8220; und [...]","og_url":"https:\/\/www.malik-management.com\/de\/blockierte-aufwaertsmobilitaet-in-den-usa\/","og_site_name":"Malik Management","og_image":[{"url":"https:\/\/blog.malik-management.com\/wp-content\/uploads\/2011\/12\/malik-blog-heinsohn21.jpg","type":"","width":"","height":""}],"twitter_card":"summary_large_image","twitter_misc":{"Gesch\u00e4tzte Lesezeit":"5\u00a0Minuten"},"schema":{"@context":"https:\/\/schema.org","@graph":[{"@type":"WebPage","@id":"https:\/\/www.malik-management.com\/de\/blockierte-aufwaertsmobilitaet-in-den-usa\/","url":"https:\/\/www.malik-management.com\/de\/blockierte-aufwaertsmobilitaet-in-den-usa\/","name":"Blockierte Aufw\u00e4rtsmobilit\u00e4t in den USA - Malik Management","isPartOf":{"@id":"https:\/\/www.malik-management.com\/de\/#website"},"primaryImageOfPage":{"@id":"https:\/\/www.malik-management.com\/de\/blockierte-aufwaertsmobilitaet-in-den-usa\/#primaryimage"},"image":{"@id":"https:\/\/www.malik-management.com\/de\/blockierte-aufwaertsmobilitaet-in-den-usa\/#primaryimage"},"thumbnailUrl":"https:\/\/blog.malik-management.com\/wp-content\/uploads\/2011\/12\/malik-blog-heinsohn21.jpg","datePublished":"2014-02-06T13:22:16+00:00","breadcrumb":{"@id":"https:\/\/www.malik-management.com\/de\/blockierte-aufwaertsmobilitaet-in-den-usa\/#breadcrumb"},"inLanguage":"de","potentialAction":[{"@type":"ReadAction","target":["https:\/\/www.malik-management.com\/de\/blockierte-aufwaertsmobilitaet-in-den-usa\/"]}]},{"@type":"ImageObject","inLanguage":"de","@id":"https:\/\/www.malik-management.com\/de\/blockierte-aufwaertsmobilitaet-in-den-usa\/#primaryimage","url":"https:\/\/blog.malik-management.com\/wp-content\/uploads\/2011\/12\/malik-blog-heinsohn21.jpg","contentUrl":"https:\/\/blog.malik-management.com\/wp-content\/uploads\/2011\/12\/malik-blog-heinsohn21.jpg"},{"@type":"BreadcrumbList","@id":"https:\/\/www.malik-management.com\/de\/blockierte-aufwaertsmobilitaet-in-den-usa\/#breadcrumb","itemListElement":[{"@type":"ListItem","position":1,"name":"Home","item":"https:\/\/www.malik-management.com\/de\/"},{"@type":"ListItem","position":2,"name":"Blockierte Aufw\u00e4rtsmobilit\u00e4t in den USA"}]},{"@type":"WebSite","@id":"https:\/\/www.malik-management.com\/de\/#website","url":"https:\/\/www.malik-management.com\/de\/","name":"Malik Management","description":"Beyond conventional management","publisher":{"@id":"https:\/\/www.malik-management.com\/de\/#organization"},"potentialAction":[{"@type":"SearchAction","target":{"@type":"EntryPoint","urlTemplate":"https:\/\/www.malik-management.com\/de\/?s={search_term_string}"},"query-input":{"@type":"PropertyValueSpecification","valueRequired":true,"valueName":"search_term_string"}}],"inLanguage":"de"},{"@type":"Organization","@id":"https:\/\/www.malik-management.com\/de\/#organization","name":"malik international AG","url":"https:\/\/www.malik-management.com\/de\/","logo":{"@type":"ImageObject","inLanguage":"de","@id":"https:\/\/www.malik-management.com\/de\/#\/schema\/logo\/image\/","url":"https:\/\/www.malik-management.com\/wp-content\/uploads\/2018\/09\/Logo_malik_weiss-klein3.png","contentUrl":"https:\/\/www.malik-management.com\/wp-content\/uploads\/2018\/09\/Logo_malik_weiss-klein3.png","width":140,"height":41,"caption":"malik international AG"},"image":{"@id":"https:\/\/www.malik-management.com\/de\/#\/schema\/logo\/image\/"},"sameAs":["https:\/\/www.linkedin.com\/company\/30160","https:\/\/www.youtube.com\/user\/malikmanagement"]}]}},"_links":{"self":[{"href":"https:\/\/www.malik-management.com\/de\/wp-json\/wp\/v2\/pages\/3344","targetHints":{"allow":["GET"]}}],"collection":[{"href":"https:\/\/www.malik-management.com\/de\/wp-json\/wp\/v2\/pages"}],"about":[{"href":"https:\/\/www.malik-management.com\/de\/wp-json\/wp\/v2\/types\/page"}],"author":[{"embeddable":true,"href":"https:\/\/www.malik-management.com\/de\/wp-json\/wp\/v2\/users\/3"}],"replies":[{"embeddable":true,"href":"https:\/\/www.malik-management.com\/de\/wp-json\/wp\/v2\/comments?post=3344"}],"version-history":[{"count":0,"href":"https:\/\/www.malik-management.com\/de\/wp-json\/wp\/v2\/pages\/3344\/revisions"}],"wp:attachment":[{"href":"https:\/\/www.malik-management.com\/de\/wp-json\/wp\/v2\/media?parent=3344"}],"curies":[{"name":"wp","href":"https:\/\/api.w.org\/{rel}","templated":true}]}}