{"id":3776,"date":"2014-11-06T16:06:19","date_gmt":"2014-11-06T15:06:19","guid":{"rendered":"https:\/\/blog.malik-management.com\/?page_id=3776"},"modified":"2014-11-06T16:06:19","modified_gmt":"2014-11-06T15:06:19","slug":"3776-2","status":"publish","type":"page","link":"https:\/\/www.malik-management.com\/de\/3776-2\/","title":{"rendered":"Gold-Initiative der Schweiz"},"content":{"rendered":"<p><a title=\"Heinsohn-Antworten\" href=\"https:\/\/blog.malik-management.com\/heinsohn-antworten\/\">zur \u00dcbersicht der Antworten<\/a><br \/>\n&nbsp;<br \/>\nAntwort auf das Posting von User <a href=\"https:\/\/blog.malik-management.com\/2014\/11\/goldstandard-und-die-hoffnungen-der-oesterreichischen-schule-von-prof-dr-gunnar-heinsohn\/#comment-15053\">Max Gm\u00fcr vom 05.11.2014<\/a>:<br \/>\n\u201c<em>Sehr geehrter Herr Heinsohn, wie sch\u00e4tzen Sie die Gold Initiative ein (<a href=\"http:\/\/gold-initiative.ch\/\">http:\/\/gold-initiative.ch\/<\/a>), \u00fcber die das Schweizer Volk am 30. November abstimmen darf? Laut Medien hat sie \u00fcberraschend viele Bef\u00fcrworter und geniesst auch im Ausland Sympathien.<\/em>\u201d<br \/>\n&nbsp;<br \/>\n<strong>Prof. Dr. Dr. Gunnar Heinsohn, Bremen am 05.11.2014 (Aktualisierung am 21.11.2014):<\/strong><br \/>\n<img decoding=\"async\" class=\"alignleft\" style=\"margin-right: 15px;\" title=\"Prof. Dr. Dr. Gunnar Heinsohn\" src=\"https:\/\/blog.malik-management.com\/wp-content\/uploads\/2011\/12\/malik-blog-heinsohn21.jpg\" alt=\"\" width=\"90\" height=\"120\" \/><br \/>\nVon 1195 $ f\u00e4llt am 19. November der globale Goldpreis auf 1175 $. Eine Umfragemehrheit der kleinen Schweiz will ihre Nationalbank nicht dazu zwingen, zwanzig Prozent ihrer <strong>Aktiva<\/strong> in Gold zu halten. Im Eidgenossen meldet sich dabei mehr vern\u00fcnftige Ahnung als in tausend Pamphleten, die Gold als \u00f6konomisches Heilmittel anpreisen.<br \/>\nEin Verm\u00f6gen an Rohgold, das aus sich heraus keinerlei Ertrag bringt, wird sinnvollerweise nur gehalten, wenn man es f\u00fcr eine Warenproduktion (Industrie, Schmuck etc.) ben\u00f6tigt, die bei pl\u00f6tzlichem Mangel oder hektischen Preissteigerungen des Rohstoffs gesch\u00e4ftssch\u00e4digend behindert w\u00fcrde. Die Verluste f\u00fcr Bewachung und Lagerung des Goldes werden dabei in Kauf genommen, weil die Kosten einer Produktionsst\u00f6rung noch h\u00f6her l\u00e4gen.<br \/>\nDie Nachfrage nach Gold f\u00fcr die Warenproduktion sorgt daf\u00fcr, dass sein Preis nicht auf Null f\u00e4llt. Wird Gold, Platin oder Palladium zu diesem rein industriellen Nachfragepreis gehalten, macht das Sinn, weil es im Notfall schnell zu eben diesem Preis liquidiert oder als Pfand f\u00fcr Kredit aktiviert werden kann \u2013 egal, welche W\u00e4hrung gerade am besten umlaufsf\u00e4hig ist.<br \/>\nEs bleibt allerdings der Nachteil industrieller Edelmetalle gegen\u00fcber ebenfalls schnell liquidierbaren Titeln wie etwa Triple-A-Industrie- oder Staatsanleihen, weil die zumeist einen Ertrag bringen und weniger Tresorkosten verursachen.<br \/>\nDie meisten Verm\u00f6gen an Rohgold allerdings werden nicht f\u00fcr das Funktionieren von Unternehmen, sondern durch Leute erworben, die Gold als ein von der Natur ganz pers\u00f6nlich der Menschheit bereitgestelltes Ur-Geld betrachten. Diese K\u00e4ufer glauben an die neoklassische Lehre (mit \u00fcber 80 Nobelpreisen) vom Geld als einem Gut zur Erleichterung des Tausches anderer G\u00fcter. Es ist dieser Glaube an ein irgendwann immer wieder nach vorne kommendes naturgutes Geld f\u00fcr ebenso nat\u00fcrliche Tauschbed\u00fcrfnisse, der den Goldpreis \u00fcber seinen industriellen Nachfragepreis treibt.<br \/>\nDieser Urgeld-Glaube r\u00fchrt teilweise aus der Angst, dass nach einer schweren Wirtschaftskrise keinerlei Verm\u00f6gen mehr existieren, mit deren Eigentumsseiten eine neue W\u00e4hrung besichert werden kann. Diese Unruhe ist aber nur berechtigt, wenn Marxisten zur Eigentumsbeseitigung schreiten. Solche Leute aber werden Goldeigentum genauso beschlagnahmen wie alle anderen Verm\u00f6gen auch. Wer es aber vor ihnen verstecken kann, hat beim Wiedereintritt in die Eigentumswirtschaft einen Rohstoff, f\u00fcr den dann wieder frei operierende Unternehmen den Marktpreis in einem Geld bezahlen, das mit erstklassigen Verm\u00f6genstiteln bei den Emissionsbanken sowie als Schuldnerf\u00e4nder besichert ist und deshalb vom Eigenmaterial her gegen Nullkosten tendieren darf.<br \/>\nDer Urgeld-Glaube kann \u00fcberdies auf die Erfahrung verweisen, dass etwa nach Kriegen mit W\u00e4hrungsverfall die Bauern Speckseiten und Schnaps zwar gegen Goldringe oder Silberl\u00f6ffel, aber nicht gegen Papiernoten hergeben. Das verr\u00e4t keineswegs tiefere oder gar uralte Geldeinsichten der Landbev\u00f6lkerung, aber doch ihre Zuversicht, dass nach Wiederherstellung einer eigentumsgest\u00fctzten Geldordnung diese Edelmetalle \u2013 zum Industriepreis \u2013 leichter zu Geld gemacht werden k\u00f6nnen als glasierte Tont\u00f6pfe oder bemalte Leinw\u00e4nde, die St\u00e4dter f\u00fcr die dann so begehrten Lebensmittel ebenfalls anbieten. Deshalb soll man vom Silberbesteck, das keiner mehr putzen will, durchaus etliche St\u00fccke im Hause behalten.<br \/>\nGelingt nun der Gold=Naturgeld-Gemeinde das Hochtreiben seines Preises, nachdem eine Zentralbank es vorher zu einem niedrigeren Preis verkauft hat, stehen die Verantwortlichen als Trottel da. Es ist nachvollziehbar, dass dann eine \u201eGold-Initiative\u201c solche Verluste f\u00fcr die Zukunft verhindern will. Vern\u00fcnftig w\u00e4re an solcher Initiative aber lediglich die Forderung, das Gold zum Minimalpreis der Industrienachfrage auch dann in der Bilanz zu halten, wenn die Gl\u00e4ubigen seinen Spekulationspreis himmelnah treiben und die Verf\u00fchrung zur Bilanzversch\u00f6nerung selbst von Zentralbankern heftig versp\u00fcrt wird.<br \/>\nFolgt die Zentralbank-Bilanzierung der Spekulation und bucht ihre Goldbest\u00e4nde nicht nur hoch, sondern verkauft sie auch, bevor der Preis abst\u00fcrzt, werden die Zust\u00e4ndigen als schlaue F\u00fcchse gefeiert. Verkaufen sie jedoch vor dem Preisgipfel, gelten sie als Vergeuder von Volksverm\u00f6gen. Was also ist zu tun? Will man \u00fcberhaupt Gold <strong>im Verm\u00f6gen<\/strong>\u00a0oder in den Reserven der Zentralbank fordern, dann darf dieses Verlangen sich nicht auf bestimmte Prozents\u00e4tze kaprizieren, sondern muss Bilanzierung nach dem Niederstwertprinzip beinhalten. Das ist Buchung zu einem f\u00fcr spekulationsfreie Phasen ermittelten Durchschnittspreis, zu dem jederzeit verlustfrei in Liquidit\u00e4t \u00fcbergewechselt werden k\u00f6nnte, ohne dieses im Tagesgesch\u00e4ft tats\u00e4chlich zu praktizieren. Kurzum, es ginge um eine Initiative gegen das zentralbankliche Mitspekulieren, wenn in Geldfragen ahnungslose Leute damit loslegen.<\/p>\n","protected":false},"excerpt":{"rendered":"<p>zur \u00dcbersicht der Antworten &nbsp; Antwort auf das Posting von User Max Gm\u00fcr vom 05.11.2014: \u201cSehr geehrter Herr Heinsohn, wie sch\u00e4tzen Sie die Gold Initiative ein (http:\/\/gold-initiative.ch\/), \u00fcber die das Schweizer Volk am 30. November abstimmen darf? Laut Medien hat sie \u00fcberraschend viele Bef\u00fcrworter und geniesst auch im Ausland Sympathien.\u201d &nbsp; Prof. Dr. Dr. Gunnar Heinsohn, Bremen am 05.11.2014 (Aktualisierung  [&#8230;]<\/p>\n","protected":false},"author":8,"featured_media":0,"parent":0,"menu_order":0,"comment_status":"open","ping_status":"open","template":"","meta":{"_acf_changed":false,"_bbp_topic_count":0,"_bbp_reply_count":0,"_bbp_total_topic_count":0,"_bbp_total_reply_count":0,"_bbp_voice_count":0,"_bbp_anonymous_reply_count":0,"_bbp_topic_count_hidden":0,"_bbp_reply_count_hidden":0,"_bbp_forum_subforum_count":0,"footnotes":""},"class_list":["post-3776","page","type-page","status-publish","hentry"],"acf":[],"yoast_head":"<!-- This site is optimized with the Yoast SEO plugin v26.4 - https:\/\/yoast.com\/wordpress\/plugins\/seo\/ -->\n<title>Gold-Initiative der Schweiz - Malik Management<\/title>\n<meta name=\"robots\" content=\"index, follow, max-snippet:-1, max-image-preview:large, max-video-preview:-1\" \/>\n<link rel=\"canonical\" href=\"https:\/\/www.malik-management.com\/de\/3776-2\/\" \/>\n<meta property=\"og:locale\" content=\"de_DE\" \/>\n<meta property=\"og:type\" content=\"article\" \/>\n<meta property=\"og:title\" content=\"Gold-Initiative der Schweiz - Malik Management\" \/>\n<meta property=\"og:description\" content=\"zur \u00dcbersicht der Antworten &nbsp; Antwort auf das Posting von User Max Gm\u00fcr vom 05.11.2014: \u201cSehr geehrter Herr Heinsohn, wie sch\u00e4tzen Sie die Gold Initiative ein (http:\/\/gold-initiative.ch\/), \u00fcber die das Schweizer Volk am 30. November abstimmen darf? Laut Medien hat sie \u00fcberraschend viele Bef\u00fcrworter und geniesst auch im Ausland Sympathien.\u201d &nbsp; Prof. Dr. Dr. Gunnar Heinsohn, Bremen am 05.11.2014 (Aktualisierung [...]\" \/>\n<meta property=\"og:url\" content=\"https:\/\/www.malik-management.com\/de\/3776-2\/\" \/>\n<meta property=\"og:site_name\" content=\"Malik Management\" \/>\n<meta property=\"og:image\" content=\"https:\/\/blog.malik-management.com\/wp-content\/uploads\/2011\/12\/malik-blog-heinsohn21.jpg\" \/>\n<meta name=\"twitter:card\" content=\"summary_large_image\" \/>\n<meta name=\"twitter:label1\" content=\"Gesch\u00e4tzte Lesezeit\" \/>\n\t<meta name=\"twitter:data1\" content=\"4\u00a0Minuten\" \/>\n<script type=\"application\/ld+json\" class=\"yoast-schema-graph\">{\"@context\":\"https:\/\/schema.org\",\"@graph\":[{\"@type\":\"WebPage\",\"@id\":\"https:\/\/www.malik-management.com\/de\/3776-2\/\",\"url\":\"https:\/\/www.malik-management.com\/de\/3776-2\/\",\"name\":\"Gold-Initiative der Schweiz - Malik Management\",\"isPartOf\":{\"@id\":\"https:\/\/www.malik-management.com\/de\/#website\"},\"primaryImageOfPage\":{\"@id\":\"https:\/\/www.malik-management.com\/de\/3776-2\/#primaryimage\"},\"image\":{\"@id\":\"https:\/\/www.malik-management.com\/de\/3776-2\/#primaryimage\"},\"thumbnailUrl\":\"https:\/\/blog.malik-management.com\/wp-content\/uploads\/2011\/12\/malik-blog-heinsohn21.jpg\",\"datePublished\":\"2014-11-06T15:06:19+00:00\",\"breadcrumb\":{\"@id\":\"https:\/\/www.malik-management.com\/de\/3776-2\/#breadcrumb\"},\"inLanguage\":\"de\",\"potentialAction\":[{\"@type\":\"ReadAction\",\"target\":[\"https:\/\/www.malik-management.com\/de\/3776-2\/\"]}]},{\"@type\":\"ImageObject\",\"inLanguage\":\"de\",\"@id\":\"https:\/\/www.malik-management.com\/de\/3776-2\/#primaryimage\",\"url\":\"https:\/\/blog.malik-management.com\/wp-content\/uploads\/2011\/12\/malik-blog-heinsohn21.jpg\",\"contentUrl\":\"https:\/\/blog.malik-management.com\/wp-content\/uploads\/2011\/12\/malik-blog-heinsohn21.jpg\"},{\"@type\":\"BreadcrumbList\",\"@id\":\"https:\/\/www.malik-management.com\/de\/3776-2\/#breadcrumb\",\"itemListElement\":[{\"@type\":\"ListItem\",\"position\":1,\"name\":\"Home\",\"item\":\"https:\/\/www.malik-management.com\/de\/\"},{\"@type\":\"ListItem\",\"position\":2,\"name\":\"Gold-Initiative der Schweiz\"}]},{\"@type\":\"WebSite\",\"@id\":\"https:\/\/www.malik-management.com\/de\/#website\",\"url\":\"https:\/\/www.malik-management.com\/de\/\",\"name\":\"Malik Management\",\"description\":\"Beyond conventional management\",\"publisher\":{\"@id\":\"https:\/\/www.malik-management.com\/de\/#organization\"},\"potentialAction\":[{\"@type\":\"SearchAction\",\"target\":{\"@type\":\"EntryPoint\",\"urlTemplate\":\"https:\/\/www.malik-management.com\/de\/?s={search_term_string}\"},\"query-input\":{\"@type\":\"PropertyValueSpecification\",\"valueRequired\":true,\"valueName\":\"search_term_string\"}}],\"inLanguage\":\"de\"},{\"@type\":\"Organization\",\"@id\":\"https:\/\/www.malik-management.com\/de\/#organization\",\"name\":\"malik international AG\",\"url\":\"https:\/\/www.malik-management.com\/de\/\",\"logo\":{\"@type\":\"ImageObject\",\"inLanguage\":\"de\",\"@id\":\"https:\/\/www.malik-management.com\/de\/#\/schema\/logo\/image\/\",\"url\":\"https:\/\/www.malik-management.com\/wp-content\/uploads\/2018\/09\/Logo_malik_weiss-klein3.png\",\"contentUrl\":\"https:\/\/www.malik-management.com\/wp-content\/uploads\/2018\/09\/Logo_malik_weiss-klein3.png\",\"width\":140,\"height\":41,\"caption\":\"malik international AG\"},\"image\":{\"@id\":\"https:\/\/www.malik-management.com\/de\/#\/schema\/logo\/image\/\"},\"sameAs\":[\"https:\/\/www.linkedin.com\/company\/30160\",\"https:\/\/www.youtube.com\/user\/malikmanagement\"]}]}<\/script>\n<!-- \/ Yoast SEO plugin. -->","yoast_head_json":{"title":"Gold-Initiative der Schweiz - Malik Management","robots":{"index":"index","follow":"follow","max-snippet":"max-snippet:-1","max-image-preview":"max-image-preview:large","max-video-preview":"max-video-preview:-1"},"canonical":"https:\/\/www.malik-management.com\/de\/3776-2\/","og_locale":"de_DE","og_type":"article","og_title":"Gold-Initiative der Schweiz - Malik Management","og_description":"zur \u00dcbersicht der Antworten &nbsp; Antwort auf das Posting von User Max Gm\u00fcr vom 05.11.2014: \u201cSehr geehrter Herr Heinsohn, wie sch\u00e4tzen Sie die Gold Initiative ein (http:\/\/gold-initiative.ch\/), \u00fcber die das Schweizer Volk am 30. November abstimmen darf? Laut Medien hat sie \u00fcberraschend viele Bef\u00fcrworter und geniesst auch im Ausland Sympathien.\u201d &nbsp; Prof. Dr. Dr. Gunnar Heinsohn, Bremen am 05.11.2014 (Aktualisierung [...]","og_url":"https:\/\/www.malik-management.com\/de\/3776-2\/","og_site_name":"Malik Management","og_image":[{"url":"https:\/\/blog.malik-management.com\/wp-content\/uploads\/2011\/12\/malik-blog-heinsohn21.jpg","type":"","width":"","height":""}],"twitter_card":"summary_large_image","twitter_misc":{"Gesch\u00e4tzte Lesezeit":"4\u00a0Minuten"},"schema":{"@context":"https:\/\/schema.org","@graph":[{"@type":"WebPage","@id":"https:\/\/www.malik-management.com\/de\/3776-2\/","url":"https:\/\/www.malik-management.com\/de\/3776-2\/","name":"Gold-Initiative der Schweiz - Malik Management","isPartOf":{"@id":"https:\/\/www.malik-management.com\/de\/#website"},"primaryImageOfPage":{"@id":"https:\/\/www.malik-management.com\/de\/3776-2\/#primaryimage"},"image":{"@id":"https:\/\/www.malik-management.com\/de\/3776-2\/#primaryimage"},"thumbnailUrl":"https:\/\/blog.malik-management.com\/wp-content\/uploads\/2011\/12\/malik-blog-heinsohn21.jpg","datePublished":"2014-11-06T15:06:19+00:00","breadcrumb":{"@id":"https:\/\/www.malik-management.com\/de\/3776-2\/#breadcrumb"},"inLanguage":"de","potentialAction":[{"@type":"ReadAction","target":["https:\/\/www.malik-management.com\/de\/3776-2\/"]}]},{"@type":"ImageObject","inLanguage":"de","@id":"https:\/\/www.malik-management.com\/de\/3776-2\/#primaryimage","url":"https:\/\/blog.malik-management.com\/wp-content\/uploads\/2011\/12\/malik-blog-heinsohn21.jpg","contentUrl":"https:\/\/blog.malik-management.com\/wp-content\/uploads\/2011\/12\/malik-blog-heinsohn21.jpg"},{"@type":"BreadcrumbList","@id":"https:\/\/www.malik-management.com\/de\/3776-2\/#breadcrumb","itemListElement":[{"@type":"ListItem","position":1,"name":"Home","item":"https:\/\/www.malik-management.com\/de\/"},{"@type":"ListItem","position":2,"name":"Gold-Initiative der Schweiz"}]},{"@type":"WebSite","@id":"https:\/\/www.malik-management.com\/de\/#website","url":"https:\/\/www.malik-management.com\/de\/","name":"Malik Management","description":"Beyond conventional management","publisher":{"@id":"https:\/\/www.malik-management.com\/de\/#organization"},"potentialAction":[{"@type":"SearchAction","target":{"@type":"EntryPoint","urlTemplate":"https:\/\/www.malik-management.com\/de\/?s={search_term_string}"},"query-input":{"@type":"PropertyValueSpecification","valueRequired":true,"valueName":"search_term_string"}}],"inLanguage":"de"},{"@type":"Organization","@id":"https:\/\/www.malik-management.com\/de\/#organization","name":"malik international AG","url":"https:\/\/www.malik-management.com\/de\/","logo":{"@type":"ImageObject","inLanguage":"de","@id":"https:\/\/www.malik-management.com\/de\/#\/schema\/logo\/image\/","url":"https:\/\/www.malik-management.com\/wp-content\/uploads\/2018\/09\/Logo_malik_weiss-klein3.png","contentUrl":"https:\/\/www.malik-management.com\/wp-content\/uploads\/2018\/09\/Logo_malik_weiss-klein3.png","width":140,"height":41,"caption":"malik international AG"},"image":{"@id":"https:\/\/www.malik-management.com\/de\/#\/schema\/logo\/image\/"},"sameAs":["https:\/\/www.linkedin.com\/company\/30160","https:\/\/www.youtube.com\/user\/malikmanagement"]}]}},"_links":{"self":[{"href":"https:\/\/www.malik-management.com\/de\/wp-json\/wp\/v2\/pages\/3776","targetHints":{"allow":["GET"]}}],"collection":[{"href":"https:\/\/www.malik-management.com\/de\/wp-json\/wp\/v2\/pages"}],"about":[{"href":"https:\/\/www.malik-management.com\/de\/wp-json\/wp\/v2\/types\/page"}],"author":[{"embeddable":true,"href":"https:\/\/www.malik-management.com\/de\/wp-json\/wp\/v2\/users\/8"}],"replies":[{"embeddable":true,"href":"https:\/\/www.malik-management.com\/de\/wp-json\/wp\/v2\/comments?post=3776"}],"version-history":[{"count":0,"href":"https:\/\/www.malik-management.com\/de\/wp-json\/wp\/v2\/pages\/3776\/revisions"}],"wp:attachment":[{"href":"https:\/\/www.malik-management.com\/de\/wp-json\/wp\/v2\/media?parent=3776"}],"curies":[{"name":"wp","href":"https:\/\/api.w.org\/{rel}","templated":true}]}}