{"id":3971,"date":"2015-04-15T16:48:26","date_gmt":"2015-04-15T14:48:26","guid":{"rendered":"https:\/\/blog.malik-management.com\/?page_id=3971"},"modified":"2015-04-15T16:48:26","modified_gmt":"2015-04-15T14:48:26","slug":"jemens-kriegsaussichten-in-den-kommenden-jahrzehnten","status":"publish","type":"page","link":"https:\/\/www.malik-management.com\/de\/jemens-kriegsaussichten-in-den-kommenden-jahrzehnten\/","title":{"rendered":"Jemens Kriegsaussichten in den kommenden Jahrzehnten"},"content":{"rendered":"<p><a title=\"Heinsohn-Antworten\" href=\"https:\/\/blog.malik-management.com\/heinsohn-antworten\/\">zur \u00dcbersicht der Artikel und Antworten<\/a><br \/>\n&nbsp;<br \/>\n<strong>Prof. Dr. Dr. Gunnar Heinsohn, Bremen am 31.03.2015:<\/strong><br \/>\n<img decoding=\"async\" class=\"alignleft\" style=\"margin-right: 15px;\" title=\"Prof. Dr. Dr. Gunnar Heinsohn\" src=\"https:\/\/blog.malik-management.com\/wp-content\/uploads\/2011\/12\/malik-blog-heinsohn21.jpg\" alt=\"\" width=\"90\" height=\"120\" \/><br \/>\nAls &#8222;Jugend Allahs&#8220; preist schon Osama bin Laden (1957-2011) die jungen M\u00e4nner seiner jemenitischen Heimat. Zwischen 1960 und 2015 explodiert ihre Bev\u00f6lkerung von 5 auf 26 Millionen, obwohl ununterbrochene Kriege und B\u00fcrgerkriege zwischen 1962 und heute das Potenzial k\u00fcnftiger Familienv\u00e4ter um mehrere Zehntausend Krieger reduziert haben.<br \/>\nDer gegenw\u00e4rtige Konflikt wird zumeist als Religionskrieg zwischen Sunniten nebst ihren saudischen Besch\u00fctzen sowie Schiiten und ihren iranischen Verb\u00fcndeten abgehandelt. Nun sind religi\u00f6se Terrortheorien nichts Neues. Schon im 16. Jahrhundert erkl\u00e4ren aztekische Priester spanische Gr\u00e4uel daraus, dass der Gott Kastiliens Tote lieber m\u00f6ge als Andersgl\u00e4ubige. Die Spanier hingegen nennen ihre Konquistadoren secundones, weil ihnen seit der 1484er Todesstrafe auf Geburtenkontrolle Zweit- und Nachgeborene fast ohne Limit zur Verf\u00fcgung stehen. Die Azteken k\u00f6nnen nicht ahnen, dass im fernen Europa pl\u00f6tzlich acht Kinder pro Familie aufwachsen und nicht zwei bis drei wie im Mittelalter oder bei ihnen selbst.<br \/>\nObwohl demographische Fakten heute per Mausklick auf den Bildschirm kommen, bleiben sie oft so unzug\u00e4nglich wie im alten Mexiko. Zugleich t\u00e4uscht das K\u00fcrzel Religionskrieg eine schnelle Orientierung vor, die gerne noch um den Faktor absolute Armut erg\u00e4nzt wird, um gewisserma\u00dfen alles klar zu machen.<br \/>\nWie kann man diese popul\u00e4re Sichtweise \u00fcberpr\u00fcfen? Durch den Blick auf L\u00e4nder, die einen vermeintlichen Religionskrieg beendet haben, ohne dass ihre Glaubensbekenntnisse hinf\u00e4llig geworden w\u00e4ren. So bringen sich etwa in Algerien zwischen 1992 und 2000 knapp 200.000 Menschen unter den Fahnen von Islamismus und gew\u00f6hnlicher Fr\u00f6mmigkeit gegenseitig um. Seitdem tritt zunehmend Frieden ein. Gleichwohl w\u00fcrden sich die Algerier verbitten, weniger gottgef\u00e4llig zu sein als die Jemeniten.<br \/>\nWarum wird das \u2013 zwischen 1960 und heute von 11 auf 39 Millionen Einwohner springende \u2013 Maghreb-Land ruhig, der S\u00fcden der arabischen Halbinsel aber nicht? Zwischen 1955 und 1975 ziehen Algeriens Frauen durchweg drei bis vier S\u00f6hne auf. Die total fertility (Kinder pro Frauenleben) erreicht Extremwerte von 7 bis 8. Die Jungen werden zwischen 1975 und 1995 w\u00fctende Zwanzigj\u00e4hrige. Schon seit den 1970er Jahren jedoch gibt es kaum noch b\u00e4uerlich nutzbares Land f\u00fcr die Versorgung der \u00dcberz\u00e4hligen. Zugleich trifft der traditionelle Ausweg des Umzugs nach Frankreich auf immer st\u00e4rkeren Widerstand aus Paris.<br \/>\nZuerst w\u00e4hlen die K\u00fchnsten den Aufstieg durch Gewalt, wobei f\u00fcr den Angriff auf die Eliten alle Varianten von der Raubkriminalit\u00e4t bis hin zum theologisch gerechtfertigten B\u00fcrgerkrieg eingesetzt werden. Die vor Ort entwickelte Methode der D\u00f6rferabschlachtung dort, wo das Milit\u00e4r nicht sch\u00fctzen kann, erfordert weit mehr Opfer als die Enthauptungen durch das Kalifat, muss aber noch ohne Internetauftritt auskommen.<br \/>\n2015 wird Algeriens Geburtsjahrgang von 1995 zwanzig. In jenem Jahr liegt die total fertility nur noch bei 3,5. Nicht einmal mehr zwei S\u00f6hne gibt es pro Familie. Der Nachschub an Rekruten f\u00fcr Bewegungen, deren Anh\u00e4nger auf Sieg oder Heldentod setzen, versiegt. Obwohl Algerien ungebrochen zur Umma geh\u00f6rt, bleibt es im Sektor des heiligen Krieges bei einzelnen Mordanschl\u00e4gen und Entf\u00fchrungen.<br \/>\nAlgeriens Kriegsindex ist herunter auf 2,2, im Jemen aber steht er bei 5,65. Au\u00dferhalb Afrikas \u00fcbertreffen nur Afghanistan und Gaza dieses Ma\u00df. Auf 100 jemenitische M\u00e4nner im Alter von 55 bis 59 Jahren, die alsbald eine Position r\u00e4umen, folgen 565 J\u00fcnglinge, die darum den Kampf aufnehmen m\u00fcssen. Daf\u00fcr sind sie mental und k\u00f6rperlich besser ger\u00fcstet als je zuvor, weil parallel zur Bev\u00f6lkerungsexplosion das Prokopfeinkommen zwischen 1989 und 2013 von 290 auf 1400 US-Dollar steigt (undata; CIA-Fact nennt 2500 Kaufkraftdollar). Litte Jemen dagegen an absoluter Armut, w\u00fcrde ein gro\u00dfer Teil der Jungen bereits vor Erreichen des Kampfalters an Unterern\u00e4hrung zugrunde gehen. Hunger bricht uns das Herz, stellt aber milit\u00e4risch keine Bedrohung dar.<br \/>\nSkelette k\u00f6nnen Panzerf\u00e4uste oder Maschinengewehre nicht \u00fcber Berge oder durch W\u00fcsten schleppen. Sie betteln um Brot, f\u00fcr den Kampf um Positionen dagegen braucht es Kondition. Deutschlands Kriegsindex betr\u00e4gt mit 0,7 nur ein Achtel des jemenitischen und macht nachvollziehbar, warum aus Aden kommendes Interventionsbegehren in Berlin auf taube Ohren sto\u00dfen muss. \u00d6sterreichs Index erlaubt trotz eines leicht h\u00f6heren Wertes von 0,8 ebenfalls keine milit\u00e4rischen Expeditionen. Auch 2010 steht der Jemen noch bei gut sechs Kindern pro Frauenleben. Die drei bis vier S\u00f6hne pro Mutter erreichen ab 2030 ihr zwanzigstes Lebensjahr. Mindestens noch eineinhalb Jahrzehnte lang kann eine Familie den Verlust von zwei Kriegern absorbieren, ohne ein Rei\u00dfen der Generationskette zu riskieren. Deshalb muss die Hoffnung auf einen unblutigen Ausgleich der grotesken Diskrepanz zwischen Ambitionen und verf\u00fcgbaren Positionen immer wieder auf Entt\u00e4uschungen gefasst sein. 2035 tritt der Jahrgang 2015 ins beste Kampfalter. Er hat nur noch zwei Jungen pro Mutter. Deshalb sollte in zwanzig Jahren auch der Jemen allm\u00e4hlich auf den algerischen Weg \u00fcberwechseln.<br \/>\n&nbsp;<br \/>\n&#8212;&#8212;&#8212;&#8212;&#8212;&#8212;&#8212;&#8212;&#8212;&#8212;&#8212;&#8212;&#8212;&#8212;&#8212;&#8212;&#8212;&#8212;&#8212;-<br \/>\nHeinsohn (*1943) lehrt Milit\u00e4rdemographie am &#8222;NATO Defense College&#8220; (NDC\/Rom) und an der &#8222;Bundesakademie f\u00fcr Sicherheitspolitik&#8220; (BAKS\/Berlin). In &#8222;S\u00f6hne und Weltmacht&#8220; (Z\u00fcrich: Orell und F\u00fcssli) hat er 2003 die arabischen Kriege vorausgesehen.<\/p>\n","protected":false},"excerpt":{"rendered":"<p>zur \u00dcbersicht der Artikel und Antworten &nbsp; Prof. Dr. Dr. Gunnar Heinsohn, Bremen am 31.03.2015: Als &#8222;Jugend Allahs&#8220; preist schon Osama bin Laden (1957-2011) die jungen M\u00e4nner seiner jemenitischen Heimat. Zwischen 1960 und 2015 explodiert ihre Bev\u00f6lkerung von 5 auf 26 Millionen, obwohl ununterbrochene Kriege und B\u00fcrgerkriege zwischen 1962 und heute das Potenzial k\u00fcnftiger Familienv\u00e4ter um mehrere Zehntausend Krieger reduziert  [&#8230;]<\/p>\n","protected":false},"author":3,"featured_media":0,"parent":0,"menu_order":0,"comment_status":"open","ping_status":"open","template":"","meta":{"_acf_changed":false,"_bbp_topic_count":0,"_bbp_reply_count":0,"_bbp_total_topic_count":0,"_bbp_total_reply_count":0,"_bbp_voice_count":0,"_bbp_anonymous_reply_count":0,"_bbp_topic_count_hidden":0,"_bbp_reply_count_hidden":0,"_bbp_forum_subforum_count":0,"footnotes":""},"class_list":["post-3971","page","type-page","status-publish","hentry"],"acf":[],"yoast_head":"<!-- This site is optimized with the Yoast SEO plugin v26.4 - https:\/\/yoast.com\/wordpress\/plugins\/seo\/ -->\n<title>Jemens Kriegsaussichten in den kommenden Jahrzehnten - Malik Management<\/title>\n<meta name=\"robots\" content=\"index, follow, max-snippet:-1, max-image-preview:large, max-video-preview:-1\" \/>\n<link rel=\"canonical\" href=\"https:\/\/www.malik-management.com\/de\/jemens-kriegsaussichten-in-den-kommenden-jahrzehnten\/\" \/>\n<meta property=\"og:locale\" content=\"de_DE\" \/>\n<meta property=\"og:type\" content=\"article\" \/>\n<meta property=\"og:title\" content=\"Jemens Kriegsaussichten in den kommenden Jahrzehnten - Malik Management\" \/>\n<meta property=\"og:description\" content=\"zur \u00dcbersicht der Artikel und Antworten &nbsp; Prof. Dr. Dr. Gunnar Heinsohn, Bremen am 31.03.2015: Als &#8222;Jugend Allahs&#8220; preist schon Osama bin Laden (1957-2011) die jungen M\u00e4nner seiner jemenitischen Heimat. Zwischen 1960 und 2015 explodiert ihre Bev\u00f6lkerung von 5 auf 26 Millionen, obwohl ununterbrochene Kriege und B\u00fcrgerkriege zwischen 1962 und heute das Potenzial k\u00fcnftiger Familienv\u00e4ter um mehrere Zehntausend Krieger reduziert [...]\" \/>\n<meta property=\"og:url\" content=\"https:\/\/www.malik-management.com\/de\/jemens-kriegsaussichten-in-den-kommenden-jahrzehnten\/\" \/>\n<meta property=\"og:site_name\" content=\"Malik Management\" \/>\n<meta property=\"og:image\" content=\"https:\/\/blog.malik-management.com\/wp-content\/uploads\/2011\/12\/malik-blog-heinsohn21.jpg\" \/>\n<meta name=\"twitter:card\" content=\"summary_large_image\" \/>\n<meta name=\"twitter:label1\" content=\"Gesch\u00e4tzte Lesezeit\" \/>\n\t<meta name=\"twitter:data1\" content=\"4\u00a0Minuten\" \/>\n<script type=\"application\/ld+json\" class=\"yoast-schema-graph\">{\"@context\":\"https:\/\/schema.org\",\"@graph\":[{\"@type\":\"WebPage\",\"@id\":\"https:\/\/www.malik-management.com\/de\/jemens-kriegsaussichten-in-den-kommenden-jahrzehnten\/\",\"url\":\"https:\/\/www.malik-management.com\/de\/jemens-kriegsaussichten-in-den-kommenden-jahrzehnten\/\",\"name\":\"Jemens Kriegsaussichten in den kommenden Jahrzehnten - Malik Management\",\"isPartOf\":{\"@id\":\"https:\/\/www.malik-management.com\/de\/#website\"},\"primaryImageOfPage\":{\"@id\":\"https:\/\/www.malik-management.com\/de\/jemens-kriegsaussichten-in-den-kommenden-jahrzehnten\/#primaryimage\"},\"image\":{\"@id\":\"https:\/\/www.malik-management.com\/de\/jemens-kriegsaussichten-in-den-kommenden-jahrzehnten\/#primaryimage\"},\"thumbnailUrl\":\"https:\/\/blog.malik-management.com\/wp-content\/uploads\/2011\/12\/malik-blog-heinsohn21.jpg\",\"datePublished\":\"2015-04-15T14:48:26+00:00\",\"breadcrumb\":{\"@id\":\"https:\/\/www.malik-management.com\/de\/jemens-kriegsaussichten-in-den-kommenden-jahrzehnten\/#breadcrumb\"},\"inLanguage\":\"de\",\"potentialAction\":[{\"@type\":\"ReadAction\",\"target\":[\"https:\/\/www.malik-management.com\/de\/jemens-kriegsaussichten-in-den-kommenden-jahrzehnten\/\"]}]},{\"@type\":\"ImageObject\",\"inLanguage\":\"de\",\"@id\":\"https:\/\/www.malik-management.com\/de\/jemens-kriegsaussichten-in-den-kommenden-jahrzehnten\/#primaryimage\",\"url\":\"https:\/\/blog.malik-management.com\/wp-content\/uploads\/2011\/12\/malik-blog-heinsohn21.jpg\",\"contentUrl\":\"https:\/\/blog.malik-management.com\/wp-content\/uploads\/2011\/12\/malik-blog-heinsohn21.jpg\"},{\"@type\":\"BreadcrumbList\",\"@id\":\"https:\/\/www.malik-management.com\/de\/jemens-kriegsaussichten-in-den-kommenden-jahrzehnten\/#breadcrumb\",\"itemListElement\":[{\"@type\":\"ListItem\",\"position\":1,\"name\":\"Home\",\"item\":\"https:\/\/www.malik-management.com\/de\/\"},{\"@type\":\"ListItem\",\"position\":2,\"name\":\"Jemens Kriegsaussichten in den kommenden Jahrzehnten\"}]},{\"@type\":\"WebSite\",\"@id\":\"https:\/\/www.malik-management.com\/de\/#website\",\"url\":\"https:\/\/www.malik-management.com\/de\/\",\"name\":\"Malik Management\",\"description\":\"Beyond conventional management\",\"publisher\":{\"@id\":\"https:\/\/www.malik-management.com\/de\/#organization\"},\"potentialAction\":[{\"@type\":\"SearchAction\",\"target\":{\"@type\":\"EntryPoint\",\"urlTemplate\":\"https:\/\/www.malik-management.com\/de\/?s={search_term_string}\"},\"query-input\":{\"@type\":\"PropertyValueSpecification\",\"valueRequired\":true,\"valueName\":\"search_term_string\"}}],\"inLanguage\":\"de\"},{\"@type\":\"Organization\",\"@id\":\"https:\/\/www.malik-management.com\/de\/#organization\",\"name\":\"malik international AG\",\"url\":\"https:\/\/www.malik-management.com\/de\/\",\"logo\":{\"@type\":\"ImageObject\",\"inLanguage\":\"de\",\"@id\":\"https:\/\/www.malik-management.com\/de\/#\/schema\/logo\/image\/\",\"url\":\"https:\/\/www.malik-management.com\/wp-content\/uploads\/2018\/09\/Logo_malik_weiss-klein3.png\",\"contentUrl\":\"https:\/\/www.malik-management.com\/wp-content\/uploads\/2018\/09\/Logo_malik_weiss-klein3.png\",\"width\":140,\"height\":41,\"caption\":\"malik international AG\"},\"image\":{\"@id\":\"https:\/\/www.malik-management.com\/de\/#\/schema\/logo\/image\/\"},\"sameAs\":[\"https:\/\/www.linkedin.com\/company\/30160\",\"https:\/\/www.youtube.com\/user\/malikmanagement\"]}]}<\/script>\n<!-- \/ Yoast SEO plugin. -->","yoast_head_json":{"title":"Jemens Kriegsaussichten in den kommenden Jahrzehnten - Malik Management","robots":{"index":"index","follow":"follow","max-snippet":"max-snippet:-1","max-image-preview":"max-image-preview:large","max-video-preview":"max-video-preview:-1"},"canonical":"https:\/\/www.malik-management.com\/de\/jemens-kriegsaussichten-in-den-kommenden-jahrzehnten\/","og_locale":"de_DE","og_type":"article","og_title":"Jemens Kriegsaussichten in den kommenden Jahrzehnten - Malik Management","og_description":"zur \u00dcbersicht der Artikel und Antworten &nbsp; Prof. Dr. Dr. Gunnar Heinsohn, Bremen am 31.03.2015: Als &#8222;Jugend Allahs&#8220; preist schon Osama bin Laden (1957-2011) die jungen M\u00e4nner seiner jemenitischen Heimat. Zwischen 1960 und 2015 explodiert ihre Bev\u00f6lkerung von 5 auf 26 Millionen, obwohl ununterbrochene Kriege und B\u00fcrgerkriege zwischen 1962 und heute das Potenzial k\u00fcnftiger Familienv\u00e4ter um mehrere Zehntausend Krieger reduziert [...]","og_url":"https:\/\/www.malik-management.com\/de\/jemens-kriegsaussichten-in-den-kommenden-jahrzehnten\/","og_site_name":"Malik Management","og_image":[{"url":"https:\/\/blog.malik-management.com\/wp-content\/uploads\/2011\/12\/malik-blog-heinsohn21.jpg","type":"","width":"","height":""}],"twitter_card":"summary_large_image","twitter_misc":{"Gesch\u00e4tzte Lesezeit":"4\u00a0Minuten"},"schema":{"@context":"https:\/\/schema.org","@graph":[{"@type":"WebPage","@id":"https:\/\/www.malik-management.com\/de\/jemens-kriegsaussichten-in-den-kommenden-jahrzehnten\/","url":"https:\/\/www.malik-management.com\/de\/jemens-kriegsaussichten-in-den-kommenden-jahrzehnten\/","name":"Jemens Kriegsaussichten in den kommenden Jahrzehnten - Malik Management","isPartOf":{"@id":"https:\/\/www.malik-management.com\/de\/#website"},"primaryImageOfPage":{"@id":"https:\/\/www.malik-management.com\/de\/jemens-kriegsaussichten-in-den-kommenden-jahrzehnten\/#primaryimage"},"image":{"@id":"https:\/\/www.malik-management.com\/de\/jemens-kriegsaussichten-in-den-kommenden-jahrzehnten\/#primaryimage"},"thumbnailUrl":"https:\/\/blog.malik-management.com\/wp-content\/uploads\/2011\/12\/malik-blog-heinsohn21.jpg","datePublished":"2015-04-15T14:48:26+00:00","breadcrumb":{"@id":"https:\/\/www.malik-management.com\/de\/jemens-kriegsaussichten-in-den-kommenden-jahrzehnten\/#breadcrumb"},"inLanguage":"de","potentialAction":[{"@type":"ReadAction","target":["https:\/\/www.malik-management.com\/de\/jemens-kriegsaussichten-in-den-kommenden-jahrzehnten\/"]}]},{"@type":"ImageObject","inLanguage":"de","@id":"https:\/\/www.malik-management.com\/de\/jemens-kriegsaussichten-in-den-kommenden-jahrzehnten\/#primaryimage","url":"https:\/\/blog.malik-management.com\/wp-content\/uploads\/2011\/12\/malik-blog-heinsohn21.jpg","contentUrl":"https:\/\/blog.malik-management.com\/wp-content\/uploads\/2011\/12\/malik-blog-heinsohn21.jpg"},{"@type":"BreadcrumbList","@id":"https:\/\/www.malik-management.com\/de\/jemens-kriegsaussichten-in-den-kommenden-jahrzehnten\/#breadcrumb","itemListElement":[{"@type":"ListItem","position":1,"name":"Home","item":"https:\/\/www.malik-management.com\/de\/"},{"@type":"ListItem","position":2,"name":"Jemens Kriegsaussichten in den kommenden Jahrzehnten"}]},{"@type":"WebSite","@id":"https:\/\/www.malik-management.com\/de\/#website","url":"https:\/\/www.malik-management.com\/de\/","name":"Malik Management","description":"Beyond conventional management","publisher":{"@id":"https:\/\/www.malik-management.com\/de\/#organization"},"potentialAction":[{"@type":"SearchAction","target":{"@type":"EntryPoint","urlTemplate":"https:\/\/www.malik-management.com\/de\/?s={search_term_string}"},"query-input":{"@type":"PropertyValueSpecification","valueRequired":true,"valueName":"search_term_string"}}],"inLanguage":"de"},{"@type":"Organization","@id":"https:\/\/www.malik-management.com\/de\/#organization","name":"malik international AG","url":"https:\/\/www.malik-management.com\/de\/","logo":{"@type":"ImageObject","inLanguage":"de","@id":"https:\/\/www.malik-management.com\/de\/#\/schema\/logo\/image\/","url":"https:\/\/www.malik-management.com\/wp-content\/uploads\/2018\/09\/Logo_malik_weiss-klein3.png","contentUrl":"https:\/\/www.malik-management.com\/wp-content\/uploads\/2018\/09\/Logo_malik_weiss-klein3.png","width":140,"height":41,"caption":"malik international AG"},"image":{"@id":"https:\/\/www.malik-management.com\/de\/#\/schema\/logo\/image\/"},"sameAs":["https:\/\/www.linkedin.com\/company\/30160","https:\/\/www.youtube.com\/user\/malikmanagement"]}]}},"_links":{"self":[{"href":"https:\/\/www.malik-management.com\/de\/wp-json\/wp\/v2\/pages\/3971","targetHints":{"allow":["GET"]}}],"collection":[{"href":"https:\/\/www.malik-management.com\/de\/wp-json\/wp\/v2\/pages"}],"about":[{"href":"https:\/\/www.malik-management.com\/de\/wp-json\/wp\/v2\/types\/page"}],"author":[{"embeddable":true,"href":"https:\/\/www.malik-management.com\/de\/wp-json\/wp\/v2\/users\/3"}],"replies":[{"embeddable":true,"href":"https:\/\/www.malik-management.com\/de\/wp-json\/wp\/v2\/comments?post=3971"}],"version-history":[{"count":0,"href":"https:\/\/www.malik-management.com\/de\/wp-json\/wp\/v2\/pages\/3971\/revisions"}],"wp:attachment":[{"href":"https:\/\/www.malik-management.com\/de\/wp-json\/wp\/v2\/media?parent=3971"}],"curies":[{"name":"wp","href":"https:\/\/api.w.org\/{rel}","templated":true}]}}